{"id":2341,"date":"2022-03-13T21:38:58","date_gmt":"2022-03-13T20:38:58","guid":{"rendered":"https:\/\/royalefactory.eu\/?page_id=2341"},"modified":"2022-03-16T13:36:44","modified_gmt":"2022-03-16T12:36:44","slug":"presenter-un-nouveau-spectacle-a-la-royale-factory","status":"publish","type":"page","link":"https:\/\/royalefactory.eu\/?page_id=2341","title":{"rendered":"Pr\u00e9senter un nouveau spectacle \u00e0 la Royale Factory"},"content":{"rendered":"\t<div id=\"gap-2040435159\" class=\"gap-element clearfix\" style=\"display:block; height:auto;\">\n\t\t\n<style>\n#gap-2040435159 {\n  padding-top: 30px;\n}\n<\/style>\n\t<\/div>\n\t\n\n\t<section class=\"section\" id=\"section_323330622\">\n\t\t<div class=\"section-bg fill\" >\n\t\t\t\t\t\t\t\t\t<div class=\"section-bg-overlay absolute fill\"><\/div>\n\t\t\t\n\n\t\t<\/div>\n\n\t\t\n\n\t\t<div class=\"section-content relative\">\n\t\t\t\n<div class=\"row row-collapse row-full-width align-middle\"  id=\"row-2092961666\">\n\n\t<div id=\"col-1735254042\" class=\"col medium-3 small-12 large-3\"  >\n\t\t\t\t<div class=\"col-inner text-center\"  >\n\t\t\t\n\t\t\t\n\t\t<\/div>\n\t\t\t\t\n<style>\n#col-1735254042 > .col-inner {\n  max-width: 520px;\n}\n<\/style>\n\t<\/div>\n\n\t\n\n\t<div id=\"col-216264052\" class=\"col medium-6 small-12 large-6\"  >\n\t\t\t\t<div class=\"col-inner text-center\"  >\n\t\t\t\n\t\t\t\n\t<div class=\"img has-hover x md-x lg-x y md-y lg-y\" id=\"image_670111994\">\n\t\t\t\t\t\t\t\t<div class=\"img-inner dark\" >\n\t\t\t<img loading=\"lazy\" decoding=\"async\" width=\"1020\" height=\"765\" src=\"https:\/\/royalefactory.eu\/wp-content\/uploads\/2021\/06\/LOGO_OK_MAGENTA-copie-01-1-1024x768.png\" class=\"attachment-large size-large\" alt=\"\" srcset=\"https:\/\/royalefactory.eu\/wp-content\/uploads\/2021\/06\/LOGO_OK_MAGENTA-copie-01-1-1024x768.png 1024w, https:\/\/royalefactory.eu\/wp-content\/uploads\/2021\/06\/LOGO_OK_MAGENTA-copie-01-1-500x375.png 500w, https:\/\/royalefactory.eu\/wp-content\/uploads\/2021\/06\/LOGO_OK_MAGENTA-copie-01-1-300x225.png 300w, https:\/\/royalefactory.eu\/wp-content\/uploads\/2021\/06\/LOGO_OK_MAGENTA-copie-01-1-768x576.png 768w, https:\/\/royalefactory.eu\/wp-content\/uploads\/2021\/06\/LOGO_OK_MAGENTA-copie-01-1.png 1134w\" sizes=\"auto, (max-width: 1020px) 100vw, 1020px\" \/>\t\t\t\t\t\t\n\t\t\t\t\t<\/div>\n\t\t\t\t\t\t\t\t\n<style>\n#image_670111994 {\n  width: 50%;\n}\n<\/style>\n\t<\/div>\n\t\n\t\t<\/div>\n\t\t\t\t\n<style>\n#col-216264052 > .col-inner {\n  margin: -10px 0px -46px 0px;\n  max-width: 700px;\n}\n<\/style>\n\t<\/div>\n\n\t\n\n\t<div id=\"col-1651311924\" class=\"col medium-3 small-12 large-3\"  >\n\t\t\t\t<div class=\"col-inner text-center\"  >\n\t\t\t\n\t\t\t\n\t\t<\/div>\n\t\t\t\t\n<style>\n#col-1651311924 > .col-inner {\n  max-width: 520px;\n}\n<\/style>\n\t<\/div>\n\n\t\n<\/div>\n\t\t<\/div>\n\n\t\t\n<style>\n#section_323330622 {\n  padding-top: 0px;\n  padding-bottom: 0px;\n  background-color: rgb(247, 247, 247);\n}\n#section_323330622 .section-bg-overlay {\n  background-color: rgba(255, 255, 255, 0.85);\n}\n<\/style>\n\t<\/section>\n\t\n\t<div id=\"gap-179786070\" class=\"gap-element clearfix\" style=\"display:block; height:auto;\">\n\t\t\n<style>\n#gap-179786070 {\n  padding-top: 30px;\n}\n<\/style>\n\t<\/div>\n\t\n<div class=\"container section-title-container\" ><h3 class=\"section-title section-title-center\"><b aria-hidden=\"true\"><\/b><span class=\"section-title-main\" >PRESENTER UN SPECTACLE<\/span><b aria-hidden=\"true\"><\/b><\/h3><\/div>\n\n\t<section class=\"section\" id=\"section_1642740767\">\n\t\t<div class=\"section-bg fill\" >\n\t\t\t\t\t\t\t\t\t<div class=\"section-bg-overlay absolute fill\"><\/div>\n\t\t\t\n\n\t\t<\/div>\n\n\t\t\n\n\t\t<div class=\"section-content relative\">\n\t\t\t\n<div class=\"row row-collapse row-full-width align-middle\"  id=\"row-1323603162\">\n\n\t<div id=\"col-1588561739\" class=\"col medium-3 small-12 large-3\"  >\n\t\t\t\t<div class=\"col-inner text-center\"  >\n\t\t\t\n\t\t\t\n\t\t<\/div>\n\t\t\t\t\n<style>\n#col-1588561739 > .col-inner {\n  max-width: 520px;\n}\n<\/style>\n\t<\/div>\n\n\t\n\n\t<div id=\"col-292827110\" class=\"col medium-6 small-12 large-6\"  >\n\t\t\t\t<div class=\"col-inner text-left\" style=\"background-color:rgb(247, 247, 247);\" >\n\t\t\t\n\t\t\t\n\n<div class=\"wpcf7 no-js\" id=\"wpcf7-f2340-o1\" lang=\"fr-FR\" dir=\"ltr\" data-wpcf7-id=\"2340\">\n<div class=\"screen-reader-response\"><p role=\"status\" aria-live=\"polite\" aria-atomic=\"true\"><\/p> <ul><\/ul><\/div>\n<form action=\"\/index.php?rest_route=%2Fwp%2Fv2%2Fpages%2F2341#wpcf7-f2340-o1\" method=\"post\" class=\"wpcf7-form init\" aria-label=\"Formulaire de contact\" enctype=\"multipart\/form-data\" novalidate=\"novalidate\" data-status=\"init\">\n<fieldset class=\"hidden-fields-container\"><input type=\"hidden\" name=\"_wpcf7\" value=\"2340\" \/><input type=\"hidden\" name=\"_wpcf7_version\" value=\"6.1.5\" \/><input type=\"hidden\" name=\"_wpcf7_locale\" value=\"fr_FR\" \/><input type=\"hidden\" name=\"_wpcf7_unit_tag\" value=\"wpcf7-f2340-o1\" \/><input type=\"hidden\" name=\"_wpcf7_container_post\" value=\"0\" \/><input type=\"hidden\" name=\"_wpcf7_posted_data_hash\" value=\"\" \/>\n<\/fieldset>\n<p><label> Nom de l'Artiste Spectacle<br \/>\n<span class=\"wpcf7-form-control-wrap\" data-name=\"artistespectacle\"><input size=\"40\" maxlength=\"400\" class=\"wpcf7-form-control wpcf7-text wpcf7-validates-as-required\" aria-required=\"true\" aria-invalid=\"false\" placeholder=\"Nom de l&#039;artiste, troupe et nom du spectacle\" value=\"\" type=\"text\" name=\"artistespectacle\" \/><\/span> <\/label>\n<\/p>\n<p><label> Type de Spectacle<br \/>\n<span class=\"wpcf7-form-control-wrap\" data-name=\"typedeSpectacle\"><select class=\"wpcf7-form-control wpcf7-select wpcf7-validates-as-required\" aria-required=\"true\" aria-invalid=\"false\" name=\"typedeSpectacle\"><option value=\"Humour\">Humour<\/option><option value=\"Com\u00e9die\">Com\u00e9die<\/option><option value=\"Spectacle enfants\">Spectacle enfants<\/option><\/select><\/span> <\/label>\n<\/p>\n<p><label> Nom de la Production<br \/>\n<span class=\"wpcf7-form-control-wrap\" data-name=\"production\"><input size=\"40\" maxlength=\"400\" class=\"wpcf7-form-control wpcf7-text wpcf7-validates-as-required\" aria-required=\"true\" aria-invalid=\"false\" placeholder=\"Notez ici le nom de la soci\u00e9t\u00e9 de production ou du producteur\" value=\"\" type=\"text\" name=\"production\" \/><\/span> <\/label>\n<\/p>\n<p><label> Email de contact<br \/>\n<span class=\"wpcf7-form-control-wrap\" data-name=\"email\"><input size=\"40\" maxlength=\"400\" class=\"wpcf7-form-control wpcf7-email wpcf7-validates-as-required wpcf7-text wpcf7-validates-as-email\" aria-required=\"true\" aria-invalid=\"false\" placeholder=\"Notez ici l&#039;email de l&#039;interlocuteur principal de votre production\" value=\"\" type=\"email\" name=\"email\" \/><\/span> <\/label>\n<\/p>\n<p><label> T\u00e9l\u00e9phone<br \/>\n<span class=\"wpcf7-form-control-wrap\" data-name=\"telephone\"><input size=\"40\" maxlength=\"400\" class=\"wpcf7-form-control wpcf7-tel wpcf7-validates-as-required wpcf7-text wpcf7-validates-as-tel\" aria-required=\"true\" aria-invalid=\"false\" placeholder=\"Num\u00e9ro de t\u00e9l\u00e9phone de l&#039;interlocuteur principal \u00e0 dix chiffres\" value=\"\" type=\"tel\" name=\"telephone\" \/><\/span> <\/label>\n<\/p>\n<p><label> Description du Spectacle<br \/>\n<span class=\"wpcf7-form-control-wrap\" data-name=\"descriptionspectacle\"><textarea cols=\"40\" rows=\"10\" maxlength=\"2000\" class=\"wpcf7-form-control wpcf7-textarea wpcf7-validates-as-required\" aria-required=\"true\" aria-invalid=\"false\" placeholder=\"Cette description appara\u00eetra dans le descriptif de votre spectacle\" name=\"descriptionspectacle\"><\/textarea><\/span> <\/label>\n<\/p>\n<p><label> Affiche Spectacle A4 vertical (format jpg, jpeg, png uniquement non pixelis\u00e9)<br \/>\n<span class=\"wpcf7-form-control-wrap\" data-name=\"affichespectacle\"><input size=\"40\" class=\"wpcf7-form-control wpcf7-file wpcf7-validates-as-required\" accept=\"audio\/*,video\/*,image\/*\" aria-required=\"true\" aria-invalid=\"false\" type=\"file\" name=\"affichespectacle\" \/><\/span> <\/label>\n<\/p>\n<p><label> Document compl\u00e9mentaire (format pdf uniquement)<br \/>\n<span class=\"wpcf7-form-control-wrap\" data-name=\"document\"><input size=\"40\" class=\"wpcf7-form-control wpcf7-file\" accept=\"audio\/*,video\/*,image\/*\" aria-invalid=\"false\" type=\"file\" name=\"document\" \/><\/span> <\/label>\n<\/p>\n<p><label> Vid\u00e9o promotionnelle (Lien youtube ou de t\u00e9l\u00e9chargement uniquement)<br \/>\n<span class=\"wpcf7-form-control-wrap\" data-name=\"adressevideo\"><input size=\"40\" maxlength=\"400\" class=\"wpcf7-form-control wpcf7-url wpcf7-text wpcf7-validates-as-url\" aria-invalid=\"false\" value=\"\" type=\"url\" name=\"adressevideo\" \/><\/span> <\/label>\n<\/p>\n<p><input class=\"wpcf7-form-control wpcf7-submit has-spinner\" type=\"submit\" value=\"Envoyer\" \/>\n<\/p><div class=\"wpcf7-response-output\" aria-hidden=\"true\"><\/div>\n<\/form>\n<\/div>\n\n\t\t<\/div>\n\t\t\t\t\n<style>\n#col-292827110 > .col-inner {\n  padding: 10% 10% 10% 10%;\n  max-width: 700px;\n}\n<\/style>\n\t<\/div>\n\n\t\n\n\t<div id=\"col-1289148885\" class=\"col medium-3 small-12 large-3\"  >\n\t\t\t\t<div class=\"col-inner text-center\"  >\n\t\t\t\n\t\t\t\n\t\t<\/div>\n\t\t\t\t\n<style>\n#col-1289148885 > .col-inner {\n  max-width: 520px;\n}\n<\/style>\n\t<\/div>\n\n\t\n<\/div>\n\t<div id=\"gap-1674132725\" class=\"gap-element clearfix\" style=\"display:block; height:auto;\">\n\t\t\n<style>\n#gap-1674132725 {\n  padding-top: 30px;\n}\n<\/style>\n\t<\/div>\n\t\n\t<div id=\"gap-186051497\" class=\"gap-element clearfix\" style=\"display:block; height:auto;\">\n\t\t\n<style>\n#gap-186051497 {\n  padding-top: 30px;\n}\n<\/style>\n\t<\/div>\n\t\n\t\t<\/div>\n\n\t\t\n<style>\n#section_1642740767 {\n  padding-top: 0px;\n  padding-bottom: 0px;\n  background-color: rgb(247, 247, 247);\n}\n#section_1642740767 .section-bg-overlay {\n  background-color: rgba(255, 255, 255, 0.85);\n}\n<\/style>\n\t<\/section>\n\t\n","protected":false},"excerpt":{"rendered":"","protected":false},"author":1,"featured_media":0,"parent":0,"menu_order":0,"comment_status":"closed","ping_status":"closed","template":"page-blank.php","meta":{"footnotes":""},"class_list":["post-2341","page","type-page","status-publish","hentry"],"brizy_media":[],"_links":{"self":[{"href":"https:\/\/royalefactory.eu\/index.php?rest_route=\/wp\/v2\/pages\/2341","targetHints":{"allow":["GET"]}}],"collection":[{"href":"https:\/\/royalefactory.eu\/index.php?rest_route=\/wp\/v2\/pages"}],"about":[{"href":"https:\/\/royalefactory.eu\/index.php?rest_route=\/wp\/v2\/types\/page"}],"author":[{"embeddable":true,"href":"https:\/\/royalefactory.eu\/index.php?rest_route=\/wp\/v2\/users\/1"}],"replies":[{"embeddable":true,"href":"https:\/\/royalefactory.eu\/index.php?rest_route=%2Fwp%2Fv2%2Fcomments&post=2341"}],"version-history":[{"count":13,"href":"https:\/\/royalefactory.eu\/index.php?rest_route=\/wp\/v2\/pages\/2341\/revisions"}],"predecessor-version":[{"id":2361,"href":"https:\/\/royalefactory.eu\/index.php?rest_route=\/wp\/v2\/pages\/2341\/revisions\/2361"}],"wp:attachment":[{"href":"https:\/\/royalefactory.eu\/index.php?rest_route=%2Fwp%2Fv2%2Fmedia&parent=2341"}],"curies":[{"name":"wp","href":"https:\/\/api.w.org\/{rel}","templated":true}]}}