{"id":56,"date":"2021-06-21T18:21:06","date_gmt":"2021-06-21T16:21:06","guid":{"rendered":"http:\/\/royalefactory.eu\/index.php\/visite-guidee\/"},"modified":"2021-11-08T12:42:59","modified_gmt":"2021-11-08T11:42:59","slug":"visite-guidee","status":"publish","type":"page","link":"https:\/\/royalefactory.eu\/?page_id=56","title":{"rendered":"VISITE GUIDEE"},"content":{"rendered":"\n\n\t<section class=\"section\" id=\"section_681163362\">\n\t\t<div class=\"section-bg fill\" >\n\t\t\t\t\t\t\t\t\t\n\t\t\t\n\n\t\t<\/div>\n\n\t\t\n\n\t\t<div class=\"section-content relative\">\n\t\t\t\n\n\n  <div class=\"banner has-hover has-video\" id=\"banner-597320083\">\n          <div class=\"banner-inner fill\">\n        <div class=\"banner-bg fill\" >\n                        \t<div class=\"video-overlay no-click fill visible\"><\/div>\n\t<video class=\"video-bg fill visible\" preload playsinline autoplay muted loop>\n\t\t<source src=\"http:\/\/royalefactory.eu\/wp-content\/uploads\/2021\/06\/1-Nov-2016Juin-2017-VIDEO.mp4\" type=\"video\/mp4\">\t<\/video>\n            <div class=\"overlay\"><\/div>            \n                    <\/div>\n\t\t\n        <div class=\"banner-layers container\">\n            <div class=\"fill banner-link\"><\/div>            \n\n   <div id=\"text-box-1012929543\" class=\"text-box banner-layer x50 md-x50 lg-x50 y50 md-y50 lg-y50 res-text\">\n       <div class=\"hover-bounce\">                         <div class=\"text-box-content text dark\">\n              \n              <div class=\"text-inner text-center\">\n                  \n\n<div class=\"video-button-wrapper\"><a href=\"http:\/\/royalefactory.eu\/wp-content\/uploads\/2021\/06\/1-Nov-2016Juin-2017-VIDEO.mp4\" class=\"button open-video icon circle is-outline is-xlarge\" role=\"button\" aria-label=\"Open video in lightbox\" data-flatsome-role-button><i class=\"icon-play\" aria-hidden=\"true\" style=\"font-size:1.5em;\"><\/i><\/a><\/div>\n\n\t<div id=\"text-2749901197\" class=\"text\">\n\t\t\n\nCliquez pour d\u00e9couvrir la video !\n\t\t\n<style>\n#text-2749901197 {\n  font-size: 2rem;\n  text-align: center;\n  color: rgb(255,255,255);\n}\n#text-2749901197 > * {\n  color: rgb(255,255,255);\n}\n<\/style>\n\t<\/div>\n\t\n\n              <\/div>\n           <\/div>\n                     <\/div>       \n<style>\n#text-box-1012929543 {\n  width: 44%;\n}\n#text-box-1012929543 .text-box-content {\n  font-size: 100%;\n}\n<\/style>\n    <\/div>\n \n\n        <\/div>\n      <\/div>\n\n            \n<style>\n#banner-597320083 {\n  padding-top: 325px;\n  background-color: #ffffff;\n}\n#banner-597320083 .overlay {\n  background-color: rgba(0,0,0,.5);\n}\n<\/style>\n  <\/div>\n\n\n\n\t\t<\/div>\n\n\t\t\n<style>\n#section_681163362 {\n  padding-top: 30px;\n  padding-bottom: 30px;\n}\n<\/style>\n\t<\/section>\n\t\n\n\t<section class=\"section\" id=\"section_1286532448\">\n\t\t<div class=\"section-bg fill\" >\n\t\t\t\t\t\t\t\t\t<div class=\"section-bg-overlay absolute fill\"><\/div>\n\t\t\t\n\n\t\t<\/div>\n\n\t\t\n\n\t\t<div class=\"section-content relative\">\n\t\t\t\n\n<div class=\"row row-large align-middle align-center\"  id=\"row-797830487\">\n\n\n\t<div id=\"col-71221874\" class=\"col medium-5 small-12 large-5\"  data-animate=\"fadeInLeft\">\n\t\t\t\t<div class=\"col-inner box-shadow-3 box-shadow-2-hover\" style=\"background-color:rgb(255, 255, 255);\" >\n\t\t\t\n\t\t\t\n\n\t<div class=\"img has-hover x md-x lg-x y md-y lg-y\" id=\"image_1989119241\">\n\t\t\t\t\t\t\t\t<div class=\"img-inner image-cover dark\" style=\"padding-top:75%;\">\n\t\t\t<img loading=\"lazy\" decoding=\"async\" width=\"1020\" height=\"552\" src=\"https:\/\/royalefactory.eu\/wp-content\/uploads\/2021\/06\/2-copie-1024x554.jpg\" class=\"attachment-large size-large\" alt=\"\" srcset=\"https:\/\/royalefactory.eu\/wp-content\/uploads\/2021\/06\/2-copie-1024x554.jpg 1024w, https:\/\/royalefactory.eu\/wp-content\/uploads\/2021\/06\/2-copie-480x259.jpg 480w, https:\/\/royalefactory.eu\/wp-content\/uploads\/2021\/06\/2-copie-300x162.jpg 300w, https:\/\/royalefactory.eu\/wp-content\/uploads\/2021\/06\/2-copie-768x415.jpg 768w, https:\/\/royalefactory.eu\/wp-content\/uploads\/2021\/06\/2-copie-1536x830.jpg 1536w, https:\/\/royalefactory.eu\/wp-content\/uploads\/2021\/06\/2-copie.jpg 2048w\" sizes=\"auto, (max-width: 1020px) 100vw, 1020px\" \/>\t\t\t\t\t\t\n\t\t\t\t\t<\/div>\n\t\t\t\t\t\t\t\t\n<style>\n#image_1989119241 {\n  width: 100%;\n}\n<\/style>\n\t<\/div>\n\t\n\n\n\t\t<\/div>\n\t\t\t\t\t<\/div>\n\n\t\n\n\t<div id=\"col-1442504302\" class=\"col medium-7 small-12 large-7\"  >\n\t\t\t\t<div class=\"col-inner text-center\"  >\n\t\t\t\n\t\t\t\n\n\t<div id=\"text-862921171\" class=\"text\">\n\t\t\n\n<h2 class=\"uppercase\"><strong>LA ROYALE FACTORY VERSAILLES<\/strong><\/h2>\n<h3>Caf\u00e9 Th\u00e9atre \u00e0 Versailles<\/h3>\n<p>Ce caf\u00e9-th\u00e9\u00e2tre de 150\/184 places situ\u00e9 en plein c\u0153ur de Versailles vous propose une programmation d\u00e9di\u00e9e \u00e0 l\u2019humour et la com\u00e9die.<\/p>\n<p>Le bar du th\u00e9\u00e2tre ouvre ses portes 1 heure avant chaque repr\u00e9sentation.<\/p>\n<p><strong>Attention, pour les spectacles enfants, nous ouvrons 30 minutes avant l\u2019horaire de d\u00e9but du spectacle.<\/strong><\/p>\n<p>Une planche bistrot (charcuterie + fromage) vous est propos\u00e9e (sur r\u00e9servation)<\/p>\n\t\t\n<style>\n#text-862921171 {\n  text-align: left;\n  color: rgb(255, 255, 255);\n}\n#text-862921171 > * {\n  color: rgb(255, 255, 255);\n}\n<\/style>\n\t<\/div>\n\t\n\n\t\t<\/div>\n\t\t\t\t\t<\/div>\n\n\t\n\n<\/div>\n\n\t\t<\/div>\n\n\t\t\n<style>\n#section_1286532448 {\n  padding-top: 59px;\n  padding-bottom: 59px;\n  min-height: 0px;\n  background-color: rgb(240, 240, 240);\n}\n#section_1286532448 .section-bg-overlay {\n  background-color: #ea157f;\n}\n<\/style>\n\t<\/section>\n\t\n\n\t<section class=\"section\" id=\"section_1990653419\">\n\t\t<div class=\"section-bg fill\" >\n\t\t\t\t\t\t\t\t\t\n\t\t\t\n\n\t\t<\/div>\n\n\t\t\n\n\t\t<div class=\"section-content relative\">\n\t\t\t\n\n  <div class=\"banner-grid-wrapper\">\n  <div id=\"banner-grid-625404338\" class=\"banner-grid row row-grid row-small\" data-packery-options=\"\">\n                      \n\n<div class=\"col grid-col large-6 grid-col-2-3\" ><div class=\"col-inner\">\n\n\t<div class=\"img has-hover x md-x lg-x y md-y lg-y\" id=\"image_1246316068\">\n\t\t\t\t\t\t\t\t<div class=\"img-inner dark\" >\n\t\t\t<img loading=\"lazy\" decoding=\"async\" width=\"1020\" height=\"552\" src=\"https:\/\/royalefactory.eu\/wp-content\/uploads\/2021\/06\/RF-finale-copie-1024x554.jpg\" class=\"attachment-large size-large\" alt=\"\" srcset=\"https:\/\/royalefactory.eu\/wp-content\/uploads\/2021\/06\/RF-finale-copie-1024x554.jpg 1024w, https:\/\/royalefactory.eu\/wp-content\/uploads\/2021\/06\/RF-finale-copie-480x260.jpg 480w, https:\/\/royalefactory.eu\/wp-content\/uploads\/2021\/06\/RF-finale-copie-300x162.jpg 300w, https:\/\/royalefactory.eu\/wp-content\/uploads\/2021\/06\/RF-finale-copie-768x415.jpg 768w, https:\/\/royalefactory.eu\/wp-content\/uploads\/2021\/06\/RF-finale-copie.jpg 1200w\" sizes=\"auto, (max-width: 1020px) 100vw, 1020px\" \/>\t\t\t\t\t\t\n\t\t\t\t\t<\/div>\n\t\t\t\t\t\t\t\t\n<style>\n#image_1246316068 {\n  width: 100%;\n}\n<\/style>\n\t<\/div>\n\t\n\n\n<\/div><\/div>\n<div class=\"col grid-col large-6 grid-col-1-2\" ><div class=\"col-inner\">\n\n\t<div class=\"img has-hover x md-x lg-x y md-y lg-y\" id=\"image_1309735815\">\n\t\t\t\t\t\t\t\t<div class=\"img-inner dark\" >\n\t\t\t<img loading=\"lazy\" decoding=\"async\" width=\"1020\" height=\"721\" src=\"https:\/\/royalefactory.eu\/wp-content\/uploads\/2021\/06\/Photo3-1024x724.png\" class=\"attachment-large size-large\" alt=\"\" srcset=\"https:\/\/royalefactory.eu\/wp-content\/uploads\/2021\/06\/Photo3-1024x724.png 1024w, https:\/\/royalefactory.eu\/wp-content\/uploads\/2021\/06\/Photo3-480x339.png 480w, https:\/\/royalefactory.eu\/wp-content\/uploads\/2021\/06\/Photo3-300x212.png 300w, https:\/\/royalefactory.eu\/wp-content\/uploads\/2021\/06\/Photo3-768x543.png 768w, https:\/\/royalefactory.eu\/wp-content\/uploads\/2021\/06\/Photo3-1536x1086.png 1536w, https:\/\/royalefactory.eu\/wp-content\/uploads\/2021\/06\/Photo3.png 1754w\" sizes=\"auto, (max-width: 1020px) 100vw, 1020px\" \/>\t\t\t\t\t\t\n\t\t\t\t\t<\/div>\n\t\t\t\t\t\t\t\t\n<style>\n#image_1309735815 {\n  width: 100%;\n}\n<\/style>\n\t<\/div>\n\t\n\n\n<\/div><\/div>\n<div class=\"col grid-col large-3 grid-col-1-2\" ><div class=\"col-inner\">\n\n\t<div class=\"img has-hover x md-x lg-x y md-y lg-y\" id=\"image_1017573019\">\n\t\t\t\t\t\t\t\t<div class=\"img-inner dark\" >\n\t\t\t<img loading=\"lazy\" decoding=\"async\" width=\"724\" height=\"1024\" src=\"https:\/\/royalefactory.eu\/wp-content\/uploads\/2021\/06\/Photo11-e1418209520407-724x1024.png\" class=\"attachment-large size-large\" alt=\"\" srcset=\"https:\/\/royalefactory.eu\/wp-content\/uploads\/2021\/06\/Photo11-e1418209520407-724x1024.png 724w, https:\/\/royalefactory.eu\/wp-content\/uploads\/2021\/06\/Photo11-e1418209520407-480x679.png 480w, https:\/\/royalefactory.eu\/wp-content\/uploads\/2021\/06\/Photo11-e1418209520407-212x300.png 212w, https:\/\/royalefactory.eu\/wp-content\/uploads\/2021\/06\/Photo11-e1418209520407-768x1086.png 768w, https:\/\/royalefactory.eu\/wp-content\/uploads\/2021\/06\/Photo11-e1418209520407-1086x1536.png 1086w, https:\/\/royalefactory.eu\/wp-content\/uploads\/2021\/06\/Photo11-e1418209520407.png 1240w\" sizes=\"auto, (max-width: 724px) 100vw, 724px\" \/>\t\t\t\t\t\t\n\t\t\t\t\t<\/div>\n\t\t\t\t\t\t\t\t\n<style>\n#image_1017573019 {\n  width: 100%;\n}\n<\/style>\n\t<\/div>\n\t\n\n\n<\/div><\/div>\n<div class=\"col grid-col large-3 grid-col-1-2\" ><div class=\"col-inner\">\n\n\t<div class=\"img has-hover x md-x lg-x y md-y lg-y\" id=\"image_218436997\">\n\t\t\t\t\t\t\t\t<div class=\"img-inner image-grayscale dark\" >\n\t\t\t<img loading=\"lazy\" decoding=\"async\" width=\"724\" height=\"1024\" src=\"https:\/\/royalefactory.eu\/wp-content\/uploads\/2021\/06\/Photo9-724x1024.png\" class=\"attachment-large size-large\" alt=\"\" srcset=\"https:\/\/royalefactory.eu\/wp-content\/uploads\/2021\/06\/Photo9-724x1024.png 724w, https:\/\/royalefactory.eu\/wp-content\/uploads\/2021\/06\/Photo9-480x679.png 480w, https:\/\/royalefactory.eu\/wp-content\/uploads\/2021\/06\/Photo9-212x300.png 212w, https:\/\/royalefactory.eu\/wp-content\/uploads\/2021\/06\/Photo9-768x1086.png 768w, https:\/\/royalefactory.eu\/wp-content\/uploads\/2021\/06\/Photo9-1086x1536.png 1086w, https:\/\/royalefactory.eu\/wp-content\/uploads\/2021\/06\/Photo9.png 1240w\" sizes=\"auto, (max-width: 724px) 100vw, 724px\" \/>\t\t\t\t\t\t\n\t\t\t\t\t<\/div>\n\t\t\t\t\t\t\t\t\n<style>\n#image_218436997 {\n  width: 100%;\n}\n<\/style>\n\t<\/div>\n\t\n\n\n<\/div><\/div>\n<div class=\"col grid-col large-6 grid-col-1-3\" ><div class=\"col-inner\">\n\n\t<div class=\"img has-hover x md-x lg-x y md-y lg-y\" id=\"image_1222927526\">\n\t\t\t\t\t\t\t\t<div class=\"img-inner dark\" >\n\t\t\t<img loading=\"lazy\" decoding=\"async\" width=\"724\" height=\"1024\" src=\"https:\/\/royalefactory.eu\/wp-content\/uploads\/2021\/06\/Photo2-724x1024.png\" class=\"attachment-large size-large\" alt=\"\" srcset=\"https:\/\/royalefactory.eu\/wp-content\/uploads\/2021\/06\/Photo2-724x1024.png 724w, https:\/\/royalefactory.eu\/wp-content\/uploads\/2021\/06\/Photo2-480x679.png 480w, https:\/\/royalefactory.eu\/wp-content\/uploads\/2021\/06\/Photo2-212x300.png 212w, https:\/\/royalefactory.eu\/wp-content\/uploads\/2021\/06\/Photo2-768x1086.png 768w, https:\/\/royalefactory.eu\/wp-content\/uploads\/2021\/06\/Photo2-1086x1536.png 1086w, https:\/\/royalefactory.eu\/wp-content\/uploads\/2021\/06\/Photo2.png 1240w\" sizes=\"auto, (max-width: 724px) 100vw, 724px\" \/>\t\t\t\t\t\t\n\t\t\t\t\t<\/div>\n\t\t\t\t\t\t\t\t\n<style>\n#image_1222927526 {\n  width: 100%;\n}\n<\/style>\n\t<\/div>\n\t\n\n\n<\/div><\/div>\n<div class=\"col grid-col large-3 grid-col-1-2\" ><div class=\"col-inner\">\n\n\t<div class=\"img has-hover x md-x lg-x y md-y lg-y\" id=\"image_1103289988\">\n\t\t\t\t\t\t\t\t<div class=\"img-inner dark\" >\n\t\t\t<img loading=\"lazy\" decoding=\"async\" width=\"724\" height=\"1024\" src=\"https:\/\/royalefactory.eu\/wp-content\/uploads\/2021\/06\/Photo7-724x1024.png\" class=\"attachment-large size-large\" alt=\"\" srcset=\"https:\/\/royalefactory.eu\/wp-content\/uploads\/2021\/06\/Photo7-724x1024.png 724w, https:\/\/royalefactory.eu\/wp-content\/uploads\/2021\/06\/Photo7-480x679.png 480w, https:\/\/royalefactory.eu\/wp-content\/uploads\/2021\/06\/Photo7-212x300.png 212w, https:\/\/royalefactory.eu\/wp-content\/uploads\/2021\/06\/Photo7-768x1086.png 768w, https:\/\/royalefactory.eu\/wp-content\/uploads\/2021\/06\/Photo7-1086x1536.png 1086w, https:\/\/royalefactory.eu\/wp-content\/uploads\/2021\/06\/Photo7.png 1240w\" sizes=\"auto, (max-width: 724px) 100vw, 724px\" \/>\t\t\t\t\t\t\n\t\t\t\t\t<\/div>\n\t\t\t\t\t\t\t\t\n<style>\n#image_1103289988 {\n  width: 100%;\n}\n<\/style>\n\t<\/div>\n\t\n\n\n<\/div><\/div>\n<div class=\"col grid-col large-6 grid-col-1-2\" ><div class=\"col-inner\">\n\n\t<div class=\"img has-hover x md-x lg-x y md-y lg-y\" id=\"image_617094571\">\n\t\t\t\t\t\t\t\t<div class=\"img-inner dark\" >\n\t\t\t<img loading=\"lazy\" decoding=\"async\" width=\"1020\" height=\"680\" src=\"https:\/\/royalefactory.eu\/wp-content\/uploads\/2021\/06\/1-scene-copie-1024x683.jpg\" class=\"attachment-large size-large\" alt=\"\" srcset=\"https:\/\/royalefactory.eu\/wp-content\/uploads\/2021\/06\/1-scene-copie-1024x683.jpg 1024w, https:\/\/royalefactory.eu\/wp-content\/uploads\/2021\/06\/1-scene-copie-480x320.jpg 480w, https:\/\/royalefactory.eu\/wp-content\/uploads\/2021\/06\/1-scene-copie-300x200.jpg 300w, https:\/\/royalefactory.eu\/wp-content\/uploads\/2021\/06\/1-scene-copie-768x512.jpg 768w, https:\/\/royalefactory.eu\/wp-content\/uploads\/2021\/06\/1-scene-copie.jpg 1200w\" sizes=\"auto, (max-width: 1020px) 100vw, 1020px\" \/>\t\t\t\t\t\t\n\t\t\t\t\t<\/div>\n\t\t\t\t\t\t\t\t\n<style>\n#image_617094571 {\n  width: 100%;\n}\n<\/style>\n\t<\/div>\n\t\n\n\n<\/div><\/div>\n<div class=\"col grid-col large-3 grid-col-1-2\" ><div class=\"col-inner\">\n\n\t<div class=\"img has-hover x md-x lg-x y md-y lg-y\" id=\"image_1409865539\">\n\t\t\t\t\t\t\t\t<div class=\"img-inner image-grayscale dark\" >\n\t\t\t<img loading=\"lazy\" decoding=\"async\" width=\"724\" height=\"1024\" src=\"https:\/\/royalefactory.eu\/wp-content\/uploads\/2021\/06\/Photo8-724x1024.png\" class=\"attachment-large size-large\" alt=\"\" srcset=\"https:\/\/royalefactory.eu\/wp-content\/uploads\/2021\/06\/Photo8-724x1024.png 724w, https:\/\/royalefactory.eu\/wp-content\/uploads\/2021\/06\/Photo8-480x679.png 480w, https:\/\/royalefactory.eu\/wp-content\/uploads\/2021\/06\/Photo8-212x300.png 212w, https:\/\/royalefactory.eu\/wp-content\/uploads\/2021\/06\/Photo8-768x1086.png 768w, https:\/\/royalefactory.eu\/wp-content\/uploads\/2021\/06\/Photo8-1086x1536.png 1086w, https:\/\/royalefactory.eu\/wp-content\/uploads\/2021\/06\/Photo8.png 1240w\" sizes=\"auto, (max-width: 724px) 100vw, 724px\" \/>\t\t\t\t\t\t\n\t\t\t\t\t<\/div>\n\t\t\t\t\t\t\t\t\n<style>\n#image_1409865539 {\n  width: 100%;\n}\n<\/style>\n\t<\/div>\n\t\n\n\n<\/div><\/div>\n\n            <\/div>\n    <style>\n    #banner-grid-625404338 .grid-col-1{height: 600px}\n    #banner-grid-625404338 .grid-col-1-2{height: 300px}\n    #banner-grid-625404338 .grid-col-1-3{height:200px}\n    #banner-grid-625404338 .grid-col-2-3{height: 400px}\n    #banner-grid-625404338 .grid-col-1-4{height: 150px}\n    #banner-grid-625404338 .grid-col-3-4{height: 450px}\n\n\n    \n    \n\n  <\/style>\n    <\/div>\n  \n\n\t\t<\/div>\n\n\t\t\n<style>\n#section_1990653419 {\n  padding-top: 30px;\n  padding-bottom: 30px;\n}\n<\/style>\n\t<\/section>\n\t\n\t<div id=\"text-3921059776\" class=\"text\">\n\t\t\n\n<p>Cr\u00e9dits Photos \u2013 J\u00e9r\u00f4me TOURNOIS \u2013 <a href=\"http:\/\/www.thegnlsgroup.com\">www.thegnlsgroup.com<\/a><\/p>\n\t\t\n<style>\n#text-3921059776 {\n  text-align: center;\n}\n<\/style>\n\t<\/div>\n\t\n\n","protected":false},"excerpt":{"rendered":"","protected":false},"author":1,"featured_media":0,"parent":0,"menu_order":0,"comment_status":"closed","ping_status":"closed","template":"","meta":{"footnotes":""},"class_list":["post-56","page","type-page","status-publish","hentry"],"brizy_media":[],"_links":{"self":[{"href":"https:\/\/royalefactory.eu\/index.php?rest_route=\/wp\/v2\/pages\/56","targetHints":{"allow":["GET"]}}],"collection":[{"href":"https:\/\/royalefactory.eu\/index.php?rest_route=\/wp\/v2\/pages"}],"about":[{"href":"https:\/\/royalefactory.eu\/index.php?rest_route=\/wp\/v2\/types\/page"}],"author":[{"embeddable":true,"href":"https:\/\/royalefactory.eu\/index.php?rest_route=\/wp\/v2\/users\/1"}],"replies":[{"embeddable":true,"href":"https:\/\/royalefactory.eu\/index.php?rest_route=%2Fwp%2Fv2%2Fcomments&post=56"}],"version-history":[{"count":9,"href":"https:\/\/royalefactory.eu\/index.php?rest_route=\/wp\/v2\/pages\/56\/revisions"}],"predecessor-version":[{"id":2055,"href":"https:\/\/royalefactory.eu\/index.php?rest_route=\/wp\/v2\/pages\/56\/revisions\/2055"}],"wp:attachment":[{"href":"https:\/\/royalefactory.eu\/index.php?rest_route=%2Fwp%2Fv2%2Fmedia&parent=56"}],"curies":[{"name":"wp","href":"https:\/\/api.w.org\/{rel}","templated":true}]}}