{"id":60,"date":"2021-06-21T18:21:06","date_gmt":"2021-06-21T16:21:06","guid":{"rendered":"http:\/\/royalefactory.eu\/index.php\/infos-pratiques\/"},"modified":"2024-09-19T06:51:52","modified_gmt":"2024-09-19T04:51:52","slug":"infos-pratiques","status":"publish","type":"page","link":"https:\/\/royalefactory.eu\/?page_id=60","title":{"rendered":"Infos Pratiques"},"content":{"rendered":"\n\t<section class=\"section\" id=\"section_1742550514\">\n\t\t<div class=\"section-bg fill\" >\n\t\t\t\t\t\t\t\t\t\n\t\t\t\n\n\t\t<\/div>\n\n\t\t\n\n\t\t<div class=\"section-content relative\">\n\t\t\t\n<h3 style=\"text-align: center;\"><span style=\"color: #ea157f;\"><strong>BILLETTERIE<\/strong><\/span><\/h3>\n<h3 style=\"text-align: center;\">Les places sont disponibles sur le site internet :<\/h3>\n<h3 style=\"text-align: center;\">www.royalefactory.fr et les soirs de repr\u00e9sentation.<\/h3>\n<h3 style=\"text-align: center;\">En cas de besoin, merci de nous envoyer un mail \u00e0 <u><strong>contact@royalefactory.fr<\/strong><\/u>,<\/h3>\n<h3 style=\"text-align: center;\">nous vous r\u00e9pondrons rapidement. Tel : 09 51 74 78 83 <strong>\u00a0 \u00a0 \u00a0 \u00a0 \u00a0<\/strong><\/h3>\n<h3 style=\"text-align: center;\"><strong> \u00a0 \u00a0\u00a0<\/strong><\/h3>\n<h3 style=\"text-align: center;\"><strong>Attention<\/strong> <strong>\u00a0 \u00a0 \u00a0 \u00a0 \u00a0 \u00a0 \u00a0\u00a0<\/strong><\/h3>\n<h3 style=\"text-align: center;\"><strong>Les places ne sont ni reprises ni \u00e9chang\u00e9es<\/strong><\/h3>\n<h3 style=\"text-align: center;\"><strong>Les justificatifs sont \u00e0 pr\u00e9senter au guichet pour b\u00e9n\u00e9ficier du tarif r\u00e9duit.<\/strong><\/h3>\n<h3>\u00a0<\/h3>\n<h3 style=\"text-align: center;\">Le placement dans la salle est libre.<\/h3>\n<h3 style=\"text-align: center;\">Les tarifs disponibles sont les tarifs \u00ab\u00a0PLEIN\u00a0\u00bb et \u00ab\u00a0REDUIT\u00a0\u00bb<\/h3>\n<h3 style=\"text-align: center;\">Le Tarif R\u00e9duit pour : Les scolaires et les \u00e9tudiants de moins de 25 ans, les demandeurs d&#8217;emplois\/<\/h3>\n<h3>\u00a0<\/h3>\n<h3 style=\"text-align: center;\"><span style=\"color: #ea157f;\"><b>IDEE CADEAU<\/b><\/span><\/h3>\n<h3 style=\"text-align: center;\"><strong>Faites plaisir \u00e0 vos proches en leur laissant la libert\u00e9 d&rsquo;assister au spectacle de leur choix !<\/strong> <strong>\u00a0 \u00a0<\/strong><\/h3>\n<h3>\u00a0<\/h3>\n<h3 style=\"text-align: center;\"><strong>ACCES<\/strong><\/h3>\n<h3 style=\"text-align: center;\">ROYALE FACTORY 2 rue Jean HOUDON 78 000 VERSAILLES A PIED : \u00e0 5 minutes du Ch\u00e2teau de VERSAILLES RER C : Versailles RIVE GAUCHE \u00a0200 m<\/h3>\n<h3 style=\"text-align: center;\">BUS RATP : 171 Arr\u00eat H\u00f4tel de Ville 50 m<\/h3>\n<h3 style=\"text-align: center;\">PARKING :\u00a0 Stationnement libre sur l&rsquo;avenue de Paris<\/h3>\n<h3 style=\"text-align: center;\">ACCES HANDICAPE : Le Th\u00e9\u00e2tre est accessible aux personnes \u00e0 mobilit\u00e9 r\u00e9duites. Afin de vous accueillir dans les meilleures conditions, merci de nous pr\u00e9venir de votre venue par mail ou t\u00e9l\u00e9phone .<\/h3>\n<h3>\u00a0<\/h3>\n<h3 style=\"text-align: center;\"><span style=\"color: #ea157f;\"><strong>HORAIRES D&rsquo;OUVERTURE<\/strong><\/span><\/h3>\n<h3 style=\"text-align: center;\">Les soirs de repr\u00e9sentation, le th\u00e9\u00e2tre ouvre ses portes 1 heure avant chaque spectacle. <strong>Attention, pour les spectacles enfants, nous ouvrons 30 minutes avant l&rsquo;horaire de d\u00e9but du spectacle.<\/strong><\/h3>\n<h3>\u00a0<\/h3>\n<h3 style=\"text-align: center;\"><span style=\"color: #ea157f;\"><strong>RESTAURATION<\/strong><\/span><\/h3>\n<h3 style=\"text-align: center;\">Le th\u00e9\u00e2tre ouvre ses portes 1 heure avant le spectacle.<\/h3>\n<h3 style=\"text-align: center;\">C&rsquo;est durant cette p\u00e9riode que le service est assur\u00e9.<\/h3>\n<h3 style=\"text-align: center;\">Nous vous proposons \u00a0une \u00ab\u00a0ASSIETTE BISTROT\u00a0\u00bb (Charcuterie, Fromage) au tarif de 14 \u20ac<\/h3>\n<h3 style=\"text-align: center;\"><strong>sur r\u00e9servation , de pr\u00e9f\u00e9rence par mail contact@royalefactory.fr<\/strong> ou par t\u00e9l\u00e9phone 09 51 74 78 83.<\/h3>\n<h3 style=\"text-align: center;\">Le service restauration n&rsquo;est pas assur\u00e9 pendant le spectacle.<\/h3>\n<h3 style=\"text-align: center;\">Avant et apr\u00e8s le spectacle, les nombreux restaurant du quartier seront ravis de vous accueillir<\/h3>\n<h3 style=\"text-align: center;\"><span style=\"color: #ea157f;\"><b>GARDE D&rsquo;ENFANTS<\/b><\/span><\/h3>\n<h3 style=\"text-align: center;\">L&rsquo;agence DOUDOUS ET CARAMELS est une\u00a0soci\u00e9t\u00e9 de garde d&rsquo;enfants pr\u00e9sente sur Versailles depuis 2011 Elle propose\u00a0\u00a0du baby-sitting ponctuels (impr\u00e9vus, soir\u00e9es, sortie entre\u00a0amis\u2026). Le site de\u00a0l&rsquo;agence <a href=\"http:\/\/www.doudousetcaramels.fr\/\" target=\"_blank\" rel=\"noreferrer noopener\">www.doudousetcaramels.fr<\/a> <a href=\"mailto:elodie@doudousetcaramels.fr\" target=\"_blank\" rel=\"noopener noreferrer\">elodie@doudousetcaramels.fr<\/a><\/h3>\n\t\t<\/div>\n\n\t\t\n<style>\n#section_1742550514 {\n  padding-top: 30px;\n  padding-bottom: 30px;\n}\n<\/style>\n\t<\/section>\n\t\n\n\t<section class=\"section\" id=\"section_1476885176\">\n\t\t<div class=\"section-bg fill\" >\n\t\t\t\t\t\t\t\t\t\n\t\t\t\n\t<div class=\"is-border\"\n\t\tstyle=\"border-color:rgb(235, 235, 235);border-width:1px 0px 0px 0px;\">\n\t<\/div>\n\n\t\t<\/div>\n\n\t\t\n\n\t\t<div class=\"section-content relative\">\n\t\t\t\n\t\t<\/div>\n\n\t\t\n<style>\n#section_1476885176 {\n  padding-top: 59px;\n  padding-bottom: 59px;\n  min-height: 300px;\n  background-color: rgb(255,255,255);\n}\n<\/style>\n\t<\/section>\n\t\n","protected":false},"excerpt":{"rendered":"","protected":false},"author":1,"featured_media":0,"parent":0,"menu_order":0,"comment_status":"closed","ping_status":"closed","template":"","meta":{"footnotes":""},"class_list":["post-60","page","type-page","status-publish","hentry"],"brizy_media":[],"_links":{"self":[{"href":"https:\/\/royalefactory.eu\/index.php?rest_route=\/wp\/v2\/pages\/60","targetHints":{"allow":["GET"]}}],"collection":[{"href":"https:\/\/royalefactory.eu\/index.php?rest_route=\/wp\/v2\/pages"}],"about":[{"href":"https:\/\/royalefactory.eu\/index.php?rest_route=\/wp\/v2\/types\/page"}],"author":[{"embeddable":true,"href":"https:\/\/royalefactory.eu\/index.php?rest_route=\/wp\/v2\/users\/1"}],"replies":[{"embeddable":true,"href":"https:\/\/royalefactory.eu\/index.php?rest_route=%2Fwp%2Fv2%2Fcomments&post=60"}],"version-history":[{"count":8,"href":"https:\/\/royalefactory.eu\/index.php?rest_route=\/wp\/v2\/pages\/60\/revisions"}],"predecessor-version":[{"id":3724,"href":"https:\/\/royalefactory.eu\/index.php?rest_route=\/wp\/v2\/pages\/60\/revisions\/3724"}],"wp:attachment":[{"href":"https:\/\/royalefactory.eu\/index.php?rest_route=%2Fwp%2Fv2%2Fmedia&parent=60"}],"curies":[{"name":"wp","href":"https:\/\/api.w.org\/{rel}","templated":true}]}}