{"id":1397,"date":"2021-06-21T19:27:36","date_gmt":"2021-06-21T17:27:36","guid":{"rendered":"http:\/\/royalefactory.eu\/index.php\/product\/eric-et-quentin-on-peut-plus-rien-rire\/"},"modified":"2021-11-08T11:08:18","modified_gmt":"2021-11-08T10:08:18","slug":"eric-et-quentin-on-peut-plus-rien-rire","status":"publish","type":"product","link":"https:\/\/royalefactory.eu\/?product=eric-et-quentin-on-peut-plus-rien-rire","title":{"rendered":"ERIC ET QUENTIN"},"content":{"rendered":"<p style=\"margin-left: 40px;\"><strong>Two men show<\/strong><\/p>\n<p style=\"margin-left: 40px;\"><strong><span style=\"color: #ee82ee;\">Jeudi 16, vendredi 17 et samedi 18 septembre \u00e0 20h30<\/span><\/strong><\/p>\n<p style=\"margin-left: 40px;\">Tout le monde aime rire (m\u00eame Kim Jong-Un). Mais savons-nous pourquoi nous rions ?<\/p>\n<p style=\"margin-left: 40px;\">Nous nous sommes pos\u00e9s la question, et bim ! Cela a donn\u00e9 un spectacle.<\/p>\n<p style=\"margin-left: 40px;\">Un spectacle d&rsquo;humour sur le rire, ses m\u00e9canismes, son histoire et dans lequel nous abordons plusieurs questions : pourquoi l&rsquo;humour est-il si important dans notre soci\u00e9t\u00e9 ?<\/p>\n<p style=\"margin-left: 40px;\">Qu&rsquo;est-ce qui distingue l&rsquo;humour d&rsquo;avant de l&rsquo;humour d&rsquo;aujourd&rsquo;hui ? Pourquoi peut-on rire de tout, mais pas avec n&rsquo;importe qui ?<\/p>\n<p style=\"margin-left: 40px;\">Rire est-il aussi essentiel que manger 5 fruits et l\u00e9gumes par jour ?<\/p>\n<p style=\"margin-left: 40px;\"><strong>Tarifs:<\/strong> 22 euros tarif normal, 18 euros tarif r\u00e9duit (Demandeur emploi, retrait\u00e9 + 65 ans, \u00e9tudiant &#8211; 25 ans, abonn\u00e9)<\/p>\n<p style=\"margin-left: 40px;\"><strong>Dur\u00e9e:<\/strong> 1h15<\/p>\n<p style=\"margin-left: 40px;\">\n","protected":false},"excerpt":{"rendered":"<p><strong>Jeudi 16, vendredi 17 et samedi 18 septembre \u00e0 20h30<\/strong><\/p>\n","protected":false},"featured_media":1589,"template":"","meta":[],"product_brand":[],"product_cat":[31],"product_tag":[51,33,34],"class_list":{"0":"post-1397","1":"product","2":"type-product","3":"status-publish","4":"has-post-thumbnail","6":"product_cat-humour","7":"product_tag-eric-et-quentin","8":"product_tag-royale-factory","9":"product_tag-versailles","11":"first","12":"instock","13":"sold-individually","14":"product-type-external"},"brizy_media":[],"_links":{"self":[{"href":"https:\/\/royalefactory.eu\/index.php?rest_route=\/wp\/v2\/product\/1397","targetHints":{"allow":["GET"]}}],"collection":[{"href":"https:\/\/royalefactory.eu\/index.php?rest_route=\/wp\/v2\/product"}],"about":[{"href":"https:\/\/royalefactory.eu\/index.php?rest_route=\/wp\/v2\/types\/product"}],"wp:featuredmedia":[{"embeddable":true,"href":"https:\/\/royalefactory.eu\/index.php?rest_route=\/wp\/v2\/media\/1589"}],"wp:attachment":[{"href":"https:\/\/royalefactory.eu\/index.php?rest_route=%2Fwp%2Fv2%2Fmedia&parent=1397"}],"wp:term":[{"taxonomy":"product_brand","embeddable":true,"href":"https:\/\/royalefactory.eu\/index.php?rest_route=%2Fwp%2Fv2%2Fproduct_brand&post=1397"},{"taxonomy":"product_cat","embeddable":true,"href":"https:\/\/royalefactory.eu\/index.php?rest_route=%2Fwp%2Fv2%2Fproduct_cat&post=1397"},{"taxonomy":"product_tag","embeddable":true,"href":"https:\/\/royalefactory.eu\/index.php?rest_route=%2Fwp%2Fv2%2Fproduct_tag&post=1397"}],"curies":[{"name":"wp","href":"https:\/\/api.w.org\/{rel}","templated":true}]}}