{"id":2114,"date":"2021-11-11T14:46:57","date_gmt":"2021-11-11T13:46:57","guid":{"rendered":"https:\/\/royalefactory.eu\/?post_type=product&#038;p=2114"},"modified":"2022-03-14T10:07:08","modified_gmt":"2022-03-14T09:07:08","slug":"paris-comedy-club-8","status":"publish","type":"product","link":"https:\/\/royalefactory.eu\/?product=paris-comedy-club-8","title":{"rendered":"PARIS COMEDY CLUB"},"content":{"rendered":"<p><strong>Plateau d&rsquo;humoristes\u00a0 \u00a0 \u00a0<\/strong><\/p>\n<p><b>Jeudi 17 Mars, Jeudi 21 avril, Jeudi 26 Mai \u00a0\u00e0 20h30\u00a0\u00a0<\/b><\/p>\n<p>Les humoristes les plus dr\u00f4les de la nouvelle g\u00e9n\u00e9ration.<\/p>\n<p>Les meilleurs humoristes sur Paris \u2026 Ce soir ils viennent chez vous !<\/p>\n<p>4 artistes se succ\u00e8dent pour vous faire passer 1h30 de bonheur.<\/p>\n<p><strong>Dur\u00e9e:\u00a0<\/strong>1H30<\/p>\n<p><strong>Tarifs:\u00a0<\/strong>22\u00a0euros tarif normal, 18\u00a0euros tarif r\u00e9duit (demandeur\u00a0emploi, retrait\u00e9\u00a0+ 65 ans, \u00e9tudiant\u00a0\u2013 25 ans, abonn\u00e9)<\/p>\n","protected":false},"excerpt":{"rendered":"<p><strong>Jeudi 21 Avril \u00e0 20h30<\/strong><\/p>\n","protected":false},"featured_media":1582,"template":"","meta":[],"product_brand":[],"product_cat":[31],"product_tag":[49,130,33,34],"class_list":{"0":"post-2114","1":"product","2":"type-product","3":"status-publish","4":"has-post-thumbnail","6":"product_cat-humour","7":"product_tag-paris-comedy-club","8":"product_tag-plateau-dhumoristes","9":"product_tag-royale-factory","10":"product_tag-versailles","12":"first","13":"instock","14":"shipping-taxable","15":"product-type-external"},"brizy_media":[],"_links":{"self":[{"href":"https:\/\/royalefactory.eu\/index.php?rest_route=\/wp\/v2\/product\/2114","targetHints":{"allow":["GET"]}}],"collection":[{"href":"https:\/\/royalefactory.eu\/index.php?rest_route=\/wp\/v2\/product"}],"about":[{"href":"https:\/\/royalefactory.eu\/index.php?rest_route=\/wp\/v2\/types\/product"}],"wp:featuredmedia":[{"embeddable":true,"href":"https:\/\/royalefactory.eu\/index.php?rest_route=\/wp\/v2\/media\/1582"}],"wp:attachment":[{"href":"https:\/\/royalefactory.eu\/index.php?rest_route=%2Fwp%2Fv2%2Fmedia&parent=2114"}],"wp:term":[{"taxonomy":"product_brand","embeddable":true,"href":"https:\/\/royalefactory.eu\/index.php?rest_route=%2Fwp%2Fv2%2Fproduct_brand&post=2114"},{"taxonomy":"product_cat","embeddable":true,"href":"https:\/\/royalefactory.eu\/index.php?rest_route=%2Fwp%2Fv2%2Fproduct_cat&post=2114"},{"taxonomy":"product_tag","embeddable":true,"href":"https:\/\/royalefactory.eu\/index.php?rest_route=%2Fwp%2Fv2%2Fproduct_tag&post=2114"}],"curies":[{"name":"wp","href":"https:\/\/api.w.org\/{rel}","templated":true}]}}