{"id":4083,"date":"2025-11-25T14:00:28","date_gmt":"2025-11-25T13:00:28","guid":{"rendered":"https:\/\/royalefactory.eu\/?post_type=product&#038;p=4083"},"modified":"2026-02-21T10:29:28","modified_gmt":"2026-02-21T09:29:28","slug":"mado","status":"publish","type":"product","link":"https:\/\/royalefactory.eu\/?product=mado","title":{"rendered":"MADO"},"content":{"rendered":"<p><strong>MADO dans BIENTOT TRES CONNU<\/strong><\/p>\n<p><strong>One man show<\/strong><\/p>\n<p><span style=\"color: #ff00ff\"><strong>Vendredi 1er et Samedi 2 Mai \u00e0 20h30<\/strong><\/span><\/p>\n<p>Bient\u00f4t tr\u00e8s connu, c\u2019est le r\u00e9cit dr\u00f4le et lucide du parcours improbable de Mado.<\/p>\n<p>Originaire du Sud, ancien employ\u00e9 de mairie, il se retrouve \u00e0 Paris dans le milieu du spectacle, o\u00f9 tout s\u2019encha\u00eene tr\u00e8s vite.<\/p>\n<p>Sur sc\u00e8ne, Mado d\u00e9borde d\u2019\u00e9nergie et raconte son histoire avec une libert\u00e9 totale : impro, autod\u00e9rision et complicit\u00e9 avec le public. Parce que ce qu\u2019il raconte, vous l\u2019avez d\u00e9j\u00e0 v\u00e9cu. Un spectacle unique et spontan\u00e9, o\u00f9 l\u2019humour noir flirte avec la bonne humeur.<\/p>\n<p><strong>Tarifs:<\/strong> 23 euros tarif normal, 19 euros tarif r\u00e9duit (demandeur emploi, \u00e9tudiant)<\/p>\n<p><span style=\"color: red\">Votre achat est d\u00e9finitif, aucun remboursement ou report ne sera possible.<\/span><\/p>\n<p><strong>Dur\u00e9e:<\/strong> 1h15<\/p>\n","protected":false},"excerpt":{"rendered":"<p><strong>Vendredi 1er et Samedi 2 Mai \u00e0 20h30<\/strong><\/p>\n","protected":false},"featured_media":4085,"template":"","meta":[],"product_brand":[],"product_cat":[31],"product_tag":[534,533,137,33,34],"class_list":{"0":"post-4083","1":"product","2":"type-product","3":"status-publish","4":"has-post-thumbnail","6":"product_cat-humour","7":"product_tag-bientot-tres-connu","8":"product_tag-mado","9":"product_tag-one-man-show","10":"product_tag-royale-factory","11":"product_tag-versailles","13":"first","14":"instock","15":"shipping-taxable","16":"product-type-external"},"brizy_media":[],"_links":{"self":[{"href":"https:\/\/royalefactory.eu\/index.php?rest_route=\/wp\/v2\/product\/4083","targetHints":{"allow":["GET"]}}],"collection":[{"href":"https:\/\/royalefactory.eu\/index.php?rest_route=\/wp\/v2\/product"}],"about":[{"href":"https:\/\/royalefactory.eu\/index.php?rest_route=\/wp\/v2\/types\/product"}],"wp:featuredmedia":[{"embeddable":true,"href":"https:\/\/royalefactory.eu\/index.php?rest_route=\/wp\/v2\/media\/4085"}],"wp:attachment":[{"href":"https:\/\/royalefactory.eu\/index.php?rest_route=%2Fwp%2Fv2%2Fmedia&parent=4083"}],"wp:term":[{"taxonomy":"product_brand","embeddable":true,"href":"https:\/\/royalefactory.eu\/index.php?rest_route=%2Fwp%2Fv2%2Fproduct_brand&post=4083"},{"taxonomy":"product_cat","embeddable":true,"href":"https:\/\/royalefactory.eu\/index.php?rest_route=%2Fwp%2Fv2%2Fproduct_cat&post=4083"},{"taxonomy":"product_tag","embeddable":true,"href":"https:\/\/royalefactory.eu\/index.php?rest_route=%2Fwp%2Fv2%2Fproduct_tag&post=4083"}],"curies":[{"name":"wp","href":"https:\/\/api.w.org\/{rel}","templated":true}]}}