{"id":4087,"date":"2025-11-25T14:15:16","date_gmt":"2025-11-25T13:15:16","guid":{"rendered":"https:\/\/royalefactory.eu\/?post_type=product&#038;p=4087"},"modified":"2025-11-25T14:20:12","modified_gmt":"2025-11-25T13:20:12","slug":"charge-mentale-sauve-qui-peut","status":"publish","type":"product","link":"https:\/\/royalefactory.eu\/?product=charge-mentale-sauve-qui-peut","title":{"rendered":"CHARGE MENTALE, SAUVE QUI PEUT!"},"content":{"rendered":"<p><strong>CHARGE MENTALE, SAUVE QUI PEUT!<\/strong><\/p>\n<p><strong>Com\u00e9die de Flore Fauchille<\/strong><\/p>\n<p><span style=\"color: #ff00ff\"><strong>Jeudi 7, Vendredi 8 et Samedi 9 Mai \u00e0 20h30<\/strong><\/span><\/p>\n<p>Une com\u00e9die men\u00e9e par un duo de com\u00e9diennes d\u00e9jant\u00e9es pour rire ensemble sur la charge mentale !<\/p>\n<p>Cette pi\u00e8ce in\u00e9dite d\u00e9peint avec humour et autod\u00e9rision les d\u00e9fis des femmes d&rsquo;aujourd&rsquo;hui \u00e0 travers l&rsquo;interview exclusive de l&rsquo;unique descendante d&rsquo;\u00c8ve.<\/p>\n<p>Elle vous partagera son histoire et ses anecdotes de vie qui sans aucun doute vous parleront \u00e0 tous et \u00e0 toutes; d\u00e9chargement total garanti !<\/p>\n<p><strong>Tarifs:<\/strong> 23 euros tarif normal, 19 euros tarif r\u00e9duit (demandeur emploi, \u00e9tudiant)<\/p>\n<p><span style=\"color: red\">Votre achat est d\u00e9finitif, aucun remboursement ou report ne sera possible.<\/span><\/p>\n<p><strong>Dur\u00e9e:<\/strong> 1h15<\/p>\n","protected":false},"excerpt":{"rendered":"<p><strong>Jeudi 7, Vendredi 8 et Samedi 9 Mai \u00e0 20h30<\/strong><\/p>\n","protected":false},"featured_media":4088,"template":"","meta":[],"product_brand":[],"product_cat":[35],"product_tag":[535,65,33,536,34],"class_list":{"0":"post-4087","1":"product","2":"type-product","3":"status-publish","4":"has-post-thumbnail","6":"product_cat-comedie","7":"product_tag-charge-mentale","8":"product_tag-comedie","9":"product_tag-royale-factory","10":"product_tag-sauve-qui-peut","11":"product_tag-versailles","13":"first","14":"instock","15":"shipping-taxable","16":"product-type-external"},"brizy_media":[],"_links":{"self":[{"href":"https:\/\/royalefactory.eu\/index.php?rest_route=\/wp\/v2\/product\/4087","targetHints":{"allow":["GET"]}}],"collection":[{"href":"https:\/\/royalefactory.eu\/index.php?rest_route=\/wp\/v2\/product"}],"about":[{"href":"https:\/\/royalefactory.eu\/index.php?rest_route=\/wp\/v2\/types\/product"}],"wp:featuredmedia":[{"embeddable":true,"href":"https:\/\/royalefactory.eu\/index.php?rest_route=\/wp\/v2\/media\/4088"}],"wp:attachment":[{"href":"https:\/\/royalefactory.eu\/index.php?rest_route=%2Fwp%2Fv2%2Fmedia&parent=4087"}],"wp:term":[{"taxonomy":"product_brand","embeddable":true,"href":"https:\/\/royalefactory.eu\/index.php?rest_route=%2Fwp%2Fv2%2Fproduct_brand&post=4087"},{"taxonomy":"product_cat","embeddable":true,"href":"https:\/\/royalefactory.eu\/index.php?rest_route=%2Fwp%2Fv2%2Fproduct_cat&post=4087"},{"taxonomy":"product_tag","embeddable":true,"href":"https:\/\/royalefactory.eu\/index.php?rest_route=%2Fwp%2Fv2%2Fproduct_tag&post=4087"}],"curies":[{"name":"wp","href":"https:\/\/api.w.org\/{rel}","templated":true}]}}