{"id":4089,"date":"2025-11-25T14:33:30","date_gmt":"2025-11-25T13:33:30","guid":{"rendered":"https:\/\/royalefactory.eu\/?post_type=product&#038;p=4089"},"modified":"2025-11-25T14:35:35","modified_gmt":"2025-11-25T13:35:35","slug":"patrick-piard","status":"publish","type":"product","link":"https:\/\/royalefactory.eu\/?product=patrick-piard","title":{"rendered":"PATRICK PIARD"},"content":{"rendered":"<p><strong>PATRICK PIARD dans GENANT<\/strong><\/p>\n<p><strong>One man show<\/strong><\/p>\n<p><span style=\"color: #ff00ff\"><strong>Samedi 16 Mai \u00e0 20h30<\/strong><\/span><\/p>\n<p><span style=\"color: #000000\">Viens d\u00e9couvrir ou retrouver sur sc\u00e8ne les personnages qui t&rsquo;ont fait rire sur les r\u00e9seaux.<\/span><\/p>\n<p><span style=\"color: #000000\"> De l\u2019ex relou au papa raciste en passant par le professeur en burnout et le boh\u00e8me tribal \u00e0 l\u2019hygi\u00e8ne douteuse,<\/span><\/p>\n<p><span style=\"color: #000000\"> Patrick Piard incarne pendant 1h15 cette s\u00e9rie de portraits atypiques qui font \u00e9cho aux hypocrisies de notre soci\u00e9t\u00e9.<\/span><\/p>\n<p><strong>Tarifs:<\/strong> 23 euros tarif normal, 19 euros tarif r\u00e9duit (demandeur emploi, \u00e9tudiant)<\/p>\n<p><span style=\"color: red\">Votre achat est d\u00e9finitif, aucun remboursement ou report ne sera possible.<\/span><\/p>\n<p><strong>Dur\u00e9e:<\/strong> 1h15<\/p>\n","protected":false},"excerpt":{"rendered":"<p><strong>Samedi 16 Mai \u00e0 20h30<\/strong><\/p>\n","protected":false},"featured_media":4090,"template":"","meta":[],"product_brand":[],"product_cat":[31],"product_tag":[538,137,537,33,34],"class_list":{"0":"post-4089","1":"product","2":"type-product","3":"status-publish","4":"has-post-thumbnail","6":"product_cat-humour","7":"product_tag-genant","8":"product_tag-one-man-show","9":"product_tag-patrick-piard","10":"product_tag-royale-factory","11":"product_tag-versailles","13":"first","14":"instock","15":"shipping-taxable","16":"product-type-external"},"brizy_media":[],"_links":{"self":[{"href":"https:\/\/royalefactory.eu\/index.php?rest_route=\/wp\/v2\/product\/4089","targetHints":{"allow":["GET"]}}],"collection":[{"href":"https:\/\/royalefactory.eu\/index.php?rest_route=\/wp\/v2\/product"}],"about":[{"href":"https:\/\/royalefactory.eu\/index.php?rest_route=\/wp\/v2\/types\/product"}],"wp:featuredmedia":[{"embeddable":true,"href":"https:\/\/royalefactory.eu\/index.php?rest_route=\/wp\/v2\/media\/4090"}],"wp:attachment":[{"href":"https:\/\/royalefactory.eu\/index.php?rest_route=%2Fwp%2Fv2%2Fmedia&parent=4089"}],"wp:term":[{"taxonomy":"product_brand","embeddable":true,"href":"https:\/\/royalefactory.eu\/index.php?rest_route=%2Fwp%2Fv2%2Fproduct_brand&post=4089"},{"taxonomy":"product_cat","embeddable":true,"href":"https:\/\/royalefactory.eu\/index.php?rest_route=%2Fwp%2Fv2%2Fproduct_cat&post=4089"},{"taxonomy":"product_tag","embeddable":true,"href":"https:\/\/royalefactory.eu\/index.php?rest_route=%2Fwp%2Fv2%2Fproduct_tag&post=4089"}],"curies":[{"name":"wp","href":"https:\/\/api.w.org\/{rel}","templated":true}]}}