{"id":4095,"date":"2025-11-25T14:50:05","date_gmt":"2025-11-25T13:50:05","guid":{"rendered":"https:\/\/royalefactory.eu\/?post_type=product&#038;p=4095"},"modified":"2025-11-25T14:55:18","modified_gmt":"2025-11-25T13:55:18","slug":"vanessa-kayo-4","status":"publish","type":"product","link":"https:\/\/royalefactory.eu\/?product=vanessa-kayo-4","title":{"rendered":"VANESSA KAYO"},"content":{"rendered":"<p><strong>VANESSA KAYO dans LE DERNIER BOULET DU RESTE DE MA VIE<\/strong><\/p>\n<p><strong>One woman show<\/strong><\/p>\n<p><span style=\"color: #ff00ff\"><strong>Jeudi 21, Vendredi 22 et Samedi 23 Mai \u00e0 20h30<\/strong><\/span><\/p>\n<p><strong><em>Apr\u00e8s le succ\u00e8s de \u00ab\u00a0Feignasse Hyperactive\u00a0\u00bb, Vanessa revient avec un nouveau spectacle\u00a0<\/em><\/strong><\/p>\n<p>Vanessa est enfin une femme \u00e9panouie : un super boulot, un super ado, et un nouvel homme dans sa vie, un hollandais blond et parfait, apr\u00e8s une s\u00e9rie interminable de boulets. Peut-\u00eatre enfin l&rsquo;homme de sa vie ?<\/p>\n<p><strong>Psycho-test <\/strong>: ce spectacle est-il fait pour toi ? (coche les bonnes cases).<\/p>\n<ul>\n<li>Apparemment tous les boulets de la Terre se sont donn\u00e9 rendez-vous pour \u00eatre ton mec.<\/li>\n<li>Tu te motives pour aller courir et respecter ton planning, puis tu croises ta copine Caro et vous parlez pendant 2 heures.<\/li>\n<li>Avant tu lisais beaucoup, maintenant tu regardes des vid\u00e9os de chats effray\u00e9s par des concombres.<\/li>\n<li>Tu pratiques l&rsquo;\u00e9ducation positive, mais pas tous les jours.<\/li>\n<li>Tu \u00ab\u00a0travailles sur toi\u00a0\u00bb pour devenir \u00ab\u00a0la meilleure version de toi-m\u00eame\u00a0\u00bb, mais parfois tu passes 5h devant Netflix.<\/li>\n<\/ul>\n<p><strong>R\u00e9sultats\u00a0:<\/strong><\/p>\n<ul>\n<li>Tu as coch\u00e9 des cases ? Bravo ! Tu peux venir !<\/li>\n<li>Tu n&rsquo;as rien coch\u00e9 ? Viens quand m\u00eame, on ne sait jamais, tu pourrais rire (en plus il faut que je paye mes imp\u00f4ts et que je nourrisse mon ado).<\/li>\n<\/ul>\n<p><strong>Tarifs:<\/strong> 23 euros tarif normal, 19 euros tarif r\u00e9duit (demandeur emploi, \u00e9tudiant)<\/p>\n<p><span style=\"color: red\">Votre achat est d\u00e9finitif, aucun remboursement ou report ne sera possible.<\/span><\/p>\n<p><strong>Dur\u00e9e:<\/strong> 1h15<\/p>\n","protected":false},"excerpt":{"rendered":"<p><strong>Jeudi 21, Vendredi 22 et Samedi 23 Mai \u00e0 20h30<\/strong><\/p>\n","protected":false},"featured_media":4096,"template":"","meta":[],"product_brand":[],"product_cat":[31],"product_tag":[337,127,33,330,34],"class_list":{"0":"post-4095","1":"product","2":"type-product","3":"status-publish","4":"has-post-thumbnail","6":"product_cat-humour","7":"product_tag-le-dernier-boulet-du-reste-de-ma-vie","8":"product_tag-one-woman-show","9":"product_tag-royale-factory","10":"product_tag-vanessa-kayo","11":"product_tag-versailles","13":"first","14":"instock","15":"shipping-taxable","16":"product-type-external"},"brizy_media":[],"_links":{"self":[{"href":"https:\/\/royalefactory.eu\/index.php?rest_route=\/wp\/v2\/product\/4095","targetHints":{"allow":["GET"]}}],"collection":[{"href":"https:\/\/royalefactory.eu\/index.php?rest_route=\/wp\/v2\/product"}],"about":[{"href":"https:\/\/royalefactory.eu\/index.php?rest_route=\/wp\/v2\/types\/product"}],"wp:featuredmedia":[{"embeddable":true,"href":"https:\/\/royalefactory.eu\/index.php?rest_route=\/wp\/v2\/media\/4096"}],"wp:attachment":[{"href":"https:\/\/royalefactory.eu\/index.php?rest_route=%2Fwp%2Fv2%2Fmedia&parent=4095"}],"wp:term":[{"taxonomy":"product_brand","embeddable":true,"href":"https:\/\/royalefactory.eu\/index.php?rest_route=%2Fwp%2Fv2%2Fproduct_brand&post=4095"},{"taxonomy":"product_cat","embeddable":true,"href":"https:\/\/royalefactory.eu\/index.php?rest_route=%2Fwp%2Fv2%2Fproduct_cat&post=4095"},{"taxonomy":"product_tag","embeddable":true,"href":"https:\/\/royalefactory.eu\/index.php?rest_route=%2Fwp%2Fv2%2Fproduct_tag&post=4095"}],"curies":[{"name":"wp","href":"https:\/\/api.w.org\/{rel}","templated":true}]}}