{"id":4097,"date":"2025-11-25T15:04:28","date_gmt":"2025-11-25T14:04:28","guid":{"rendered":"https:\/\/royalefactory.eu\/?post_type=product&#038;p=4097"},"modified":"2025-11-25T15:11:17","modified_gmt":"2025-11-25T14:11:17","slug":"ben-h","status":"publish","type":"product","link":"https:\/\/royalefactory.eu\/?product=ben-h","title":{"rendered":"BEN H"},"content":{"rendered":"<p><strong>BEN H dans LE MEC EN ROSE<\/strong><\/p>\n<p><strong>One man show<\/strong><\/p>\n<p><span style=\"color: #ff00ff\"><strong>Jeudi 4 et Vendredi 5 Juin \u00e0 20h30<\/strong><\/span><\/p>\n<p>\u201cArr\u00eatez de broyer du NOIR&#8230; Voyez<\/p>\n<p>La vie en ROSE !<\/p>\n<p>Fini le d\u00e9veloppement personnel et les comparaisons sur les r\u00e9seaux sociaux&#8230; La meilleure version de vous-m\u00eame se trouve sans doute dans le loser que vous \u00eates !<\/p>\n<p>Alors venez glorifier vos d\u00e9fauts, vos \u00e9checs, la loose avec un grand L et soyez fier d&rsquo;\u00eatre caboss\u00e9 malchanceux ou profond\u00e9ment m\u00e9diocre dans un stand-up qui prouve que le bonheur se cache parfois dans la m*rde !\u201d<\/p>\n<p><em>Le saviez-vous : <\/em><\/p>\n<p>Un premier spectacle \u00ab\u00a0Le Monde des grands\u00a0\u00bb salu\u00e9 par la critique, un talent d&rsquo;auteur ind\u00e9niable apr\u00e8s des ann\u00e9es pass\u00e9es sur Europe 1 aux c\u00f4t\u00e9s d&rsquo;Anne Roumanoff, en co-\u00e9criture avec Jarry des spectacle \u00ab\u00a0Titre\u00a0\u00bb et \u00ab\u00a0Bonhomme\u00a0\u00bb ou encore de Marianne James sur son spectacle \u00ab\u00a0Tout est dans\u00a0 la voix\u00a0\u00bb, BenH est de retour sur sc\u00e8ne au travers de son alter-\u00e9go haut en couleurs &#8211; Le Mec en Rose.<\/p>\n<p><strong>Tarifs:<\/strong> 23 euros tarif normal, 19 euros tarif r\u00e9duit (demandeur emploi, \u00e9tudiant)<\/p>\n<p><span style=\"color: red\">Votre achat est d\u00e9finitif, aucun remboursement ou report ne sera possible.<\/span><\/p>\n<p><strong>Dur\u00e9e:<\/strong> 1h15<\/p>\n","protected":false},"excerpt":{"rendered":"<p><strong>Jeudi 4 et Vendredi 5 Juin \u00e0 20h30<\/strong><\/p>\n","protected":false},"featured_media":4098,"template":"","meta":[],"product_brand":[],"product_cat":[31],"product_tag":[540,539,137,33,34],"class_list":{"0":"post-4097","1":"product","2":"type-product","3":"status-publish","4":"has-post-thumbnail","6":"product_cat-humour","7":"product_tag-benh","8":"product_tag-le-mec-en-rose","9":"product_tag-one-man-show","10":"product_tag-royale-factory","11":"product_tag-versailles","13":"first","14":"instock","15":"shipping-taxable","16":"product-type-external"},"brizy_media":[],"_links":{"self":[{"href":"https:\/\/royalefactory.eu\/index.php?rest_route=\/wp\/v2\/product\/4097","targetHints":{"allow":["GET"]}}],"collection":[{"href":"https:\/\/royalefactory.eu\/index.php?rest_route=\/wp\/v2\/product"}],"about":[{"href":"https:\/\/royalefactory.eu\/index.php?rest_route=\/wp\/v2\/types\/product"}],"wp:featuredmedia":[{"embeddable":true,"href":"https:\/\/royalefactory.eu\/index.php?rest_route=\/wp\/v2\/media\/4098"}],"wp:attachment":[{"href":"https:\/\/royalefactory.eu\/index.php?rest_route=%2Fwp%2Fv2%2Fmedia&parent=4097"}],"wp:term":[{"taxonomy":"product_brand","embeddable":true,"href":"https:\/\/royalefactory.eu\/index.php?rest_route=%2Fwp%2Fv2%2Fproduct_brand&post=4097"},{"taxonomy":"product_cat","embeddable":true,"href":"https:\/\/royalefactory.eu\/index.php?rest_route=%2Fwp%2Fv2%2Fproduct_cat&post=4097"},{"taxonomy":"product_tag","embeddable":true,"href":"https:\/\/royalefactory.eu\/index.php?rest_route=%2Fwp%2Fv2%2Fproduct_tag&post=4097"}],"curies":[{"name":"wp","href":"https:\/\/api.w.org\/{rel}","templated":true}]}}