{"id":4100,"date":"2025-11-25T15:32:40","date_gmt":"2025-11-25T14:32:40","guid":{"rendered":"https:\/\/royalefactory.eu\/?post_type=product&#038;p=4100"},"modified":"2025-11-25T15:37:59","modified_gmt":"2025-11-25T14:37:59","slug":"christelle-loury","status":"publish","type":"product","link":"https:\/\/royalefactory.eu\/?product=christelle-loury","title":{"rendered":"CHRISTELLE LOURY"},"content":{"rendered":"<p><strong>CHRISTELLE LOURY , REVIVRE L&rsquo;EMOTION EDITH PIAF<\/strong><\/p>\n<p><strong>Concert, raconte et chante Edith Piaf<\/strong><\/p>\n<p><span style=\"color: #ff00ff\"><strong>Jeudi 11 Juin \u00e0 20h30<\/strong><\/span><\/p>\n<p style=\"margin: 0cm;background: white\"><span style=\"font-family: 'Arial',sans-serif;color: #222222\">Sans imiter Edith Piaf, Christelle Loury en interpr\u00e8te les grands succ\u00e8s et des chansons moins connues. <\/span><\/p>\n<p style=\"margin: 0cm;background: white\"><span style=\"font-family: 'Arial',sans-serif;color: #222222\">Tout au long du concert, l&rsquo;artiste raconte l&rsquo;histoire de chaque chanson et livre des anecdotes tir\u00e9es de ses rencontres avec des proches d&rsquo;Edith Piaf. <\/span><\/p>\n<p style=\"margin: 0cm;background: white\"><span style=\"font-family: 'Arial',sans-serif;color: #222222\">Pr\u00e9sent\u00e9 en France et \u00e0 l&rsquo;\u00e9tranger, de New York aux pays de l&rsquo;Est, ce programme a rencontr\u00e9 un double succ\u00e8s au festival d&rsquo;Avignon off et remport\u00e9 le prix du Spectacle de l&rsquo;ann\u00e9e de France Bleu.<\/span><\/p>\n<p><strong>Tarifs:<\/strong> 23 euros tarif normal, 19 euros tarif r\u00e9duit (demandeur emploi, \u00e9tudiant)<\/p>\n<p><span style=\"color: red\">Votre achat est d\u00e9finitif, aucun remboursement ou report ne sera possible.<\/span><\/p>\n<p><strong>Dur\u00e9e:<\/strong> 1h15<\/p>\n","protected":false},"excerpt":{"rendered":"<p><strong>Jeudi 11 Juin \u00e0 20h30<\/strong><\/p>\n","protected":false},"featured_media":4101,"template":"","meta":[],"product_brand":[],"product_cat":[43],"product_tag":[541,542,33,34],"class_list":{"0":"post-4100","1":"product","2":"type-product","3":"status-publish","4":"has-post-thumbnail","6":"product_cat-concert","7":"product_tag-christelle-loury","8":"product_tag-revivre-lemotion-edith-piaf","9":"product_tag-royale-factory","10":"product_tag-versailles","12":"first","13":"instock","14":"shipping-taxable","15":"product-type-external"},"brizy_media":[],"_links":{"self":[{"href":"https:\/\/royalefactory.eu\/index.php?rest_route=\/wp\/v2\/product\/4100","targetHints":{"allow":["GET"]}}],"collection":[{"href":"https:\/\/royalefactory.eu\/index.php?rest_route=\/wp\/v2\/product"}],"about":[{"href":"https:\/\/royalefactory.eu\/index.php?rest_route=\/wp\/v2\/types\/product"}],"wp:featuredmedia":[{"embeddable":true,"href":"https:\/\/royalefactory.eu\/index.php?rest_route=\/wp\/v2\/media\/4101"}],"wp:attachment":[{"href":"https:\/\/royalefactory.eu\/index.php?rest_route=%2Fwp%2Fv2%2Fmedia&parent=4100"}],"wp:term":[{"taxonomy":"product_brand","embeddable":true,"href":"https:\/\/royalefactory.eu\/index.php?rest_route=%2Fwp%2Fv2%2Fproduct_brand&post=4100"},{"taxonomy":"product_cat","embeddable":true,"href":"https:\/\/royalefactory.eu\/index.php?rest_route=%2Fwp%2Fv2%2Fproduct_cat&post=4100"},{"taxonomy":"product_tag","embeddable":true,"href":"https:\/\/royalefactory.eu\/index.php?rest_route=%2Fwp%2Fv2%2Fproduct_tag&post=4100"}],"curies":[{"name":"wp","href":"https:\/\/api.w.org\/{rel}","templated":true}]}}