{"id":4116,"date":"2026-01-15T09:31:31","date_gmt":"2026-01-15T08:31:31","guid":{"rendered":"https:\/\/royalefactory.eu\/?post_type=product&#038;p=4116"},"modified":"2026-01-15T09:33:26","modified_gmt":"2026-01-15T08:33:26","slug":"olive","status":"publish","type":"product","link":"https:\/\/royalefactory.eu\/?product=olive","title":{"rendered":"OLIVE"},"content":{"rendered":"<p><strong>OLIVE dans DANGEREUX MAIS SEREIN&#8230;<\/strong><\/p>\n<p><strong>One man show<\/strong><\/p>\n<p><span style=\"color: #ff00ff\"><strong>Jeudi 18 Juin \u00e0 20h30<\/strong><\/span><\/p>\n<p>Apr\u00e8s une tentative calamiteuse de reconversion professionnelle en chef \u00e9toil\u00e9 avec sa fameuse recette de castor en beignet&#8230;<\/p>\n<p>Apr\u00e8s avoir \u00e9t\u00e9 recal\u00e9 6 fois au concours d&rsquo;assistant maternel au pr\u00e9texte d&rsquo;une intol\u00e9rance aux enfants&#8230;<\/p>\n<p>Cet ancien militaire, ayant pour devise \u00ab\u00a0Ta seule chance, c&rsquo;est de courir vite !\u00a0\u00bb s&rsquo;est rendu \u00e0 l&rsquo;\u00e9vidence : \u00ab\u00a0Le mieux, c&rsquo;est d&rsquo;en rire !\u00a0\u00bb.<\/p>\n<p>&nbsp;<\/p>\n<p><strong>Tarifs:<\/strong> 23 euros tarif normal, 19 euros tarif r\u00e9duit (demandeur emploi, \u00e9tudiant)<\/p>\n<p><span style=\"color: red\">Votre achat est d\u00e9finitif, aucun remboursement ou report ne sera possible.<\/span><\/p>\n<p><strong>Dur\u00e9e:<\/strong> 1h15<\/p>\n","protected":false},"excerpt":{"rendered":"<p><strong>Jeudi 18 Juin \u00e0 20h30<\/strong><\/p>\n","protected":false},"featured_media":4117,"template":"","meta":[],"product_brand":[],"product_cat":[31],"product_tag":[546,545,137,33,34],"class_list":{"0":"post-4116","1":"product","2":"type-product","3":"status-publish","4":"has-post-thumbnail","6":"product_cat-humour","7":"product_tag-dangereux-mais-serein","8":"product_tag-olive","9":"product_tag-one-man-show","10":"product_tag-royale-factory","11":"product_tag-versailles","13":"first","14":"instock","15":"shipping-taxable","16":"product-type-external"},"brizy_media":[],"_links":{"self":[{"href":"https:\/\/royalefactory.eu\/index.php?rest_route=\/wp\/v2\/product\/4116","targetHints":{"allow":["GET"]}}],"collection":[{"href":"https:\/\/royalefactory.eu\/index.php?rest_route=\/wp\/v2\/product"}],"about":[{"href":"https:\/\/royalefactory.eu\/index.php?rest_route=\/wp\/v2\/types\/product"}],"wp:featuredmedia":[{"embeddable":true,"href":"https:\/\/royalefactory.eu\/index.php?rest_route=\/wp\/v2\/media\/4117"}],"wp:attachment":[{"href":"https:\/\/royalefactory.eu\/index.php?rest_route=%2Fwp%2Fv2%2Fmedia&parent=4116"}],"wp:term":[{"taxonomy":"product_brand","embeddable":true,"href":"https:\/\/royalefactory.eu\/index.php?rest_route=%2Fwp%2Fv2%2Fproduct_brand&post=4116"},{"taxonomy":"product_cat","embeddable":true,"href":"https:\/\/royalefactory.eu\/index.php?rest_route=%2Fwp%2Fv2%2Fproduct_cat&post=4116"},{"taxonomy":"product_tag","embeddable":true,"href":"https:\/\/royalefactory.eu\/index.php?rest_route=%2Fwp%2Fv2%2Fproduct_tag&post=4116"}],"curies":[{"name":"wp","href":"https:\/\/api.w.org\/{rel}","templated":true}]}}