{"id":4136,"date":"2026-02-23T15:30:06","date_gmt":"2026-02-23T14:30:06","guid":{"rendered":"https:\/\/royalefactory.eu\/?post_type=product&#038;p=4136"},"modified":"2026-02-23T15:33:02","modified_gmt":"2026-02-23T14:33:02","slug":"panik-sur-la-hotline","status":"publish","type":"product","link":"https:\/\/royalefactory.eu\/?product=panik-sur-la-hotline","title":{"rendered":"PANIK SUR LA HOTLINE"},"content":{"rendered":"<p><strong>PANIK SUR LA HOTLINE<\/strong><\/p>\n<p><strong>Com\u00e9die<\/strong><\/p>\n<p><span style=\"color: #ff00ff\"><strong>Jeudi 3, Vendredi 4, Samedi 5 Septembre \u00e0 20h30<\/strong><\/span><\/p>\n<p>En ce soir du 31 d\u00e9cembre,\u00a0FRANCK\u00a0et\u00a0FLEUR,deux coll\u00e8gues aux caract\u00e8res bien tremp\u00e9s<\/p>\n<p>dans un centre d\u2019appels d\u2019urgence, vont tenter, tant bien que mal, de r\u00e9soudre les probl\u00e8mes de tout le monde\u00a0!!<\/p>\n<p>Du four \u00e0 micro-ondes qui disjoncte au poisson rouge qui se noie, vont-ils r\u00e9sister \u00e0 cette avalanche d\u2019\u00e9v\u00e9nement inattendus\u00a0?<\/p>\n<p>Seront-ils pr\u00eats pour le d\u00e9compte ?<\/p>\n<p>Franck et Fleur ont \u00e9t\u00e9 assimil\u00e9s, par la presse \u00e9crite, aux h\u00e9ritiers de Pierre Mortez et de Marie Th\u00e9r\u00e8se,<\/p>\n<p>ayant r\u00e9cup\u00e9r\u00e9s les clefs de SOS D\u00e9tresse Amiti\u00e9, du P\u00e8re No\u00ebl est une ordure.<\/p>\n<p>&nbsp;<\/p>\n<p><strong>Tarifs:<\/strong> 23 euros tarif normal, 19 euros tarif r\u00e9duit (demandeur emploi, \u00e9tudiant)<\/p>\n<p><span style=\"color: red\">Votre achat est d\u00e9finitif, aucun remboursement ou report ne sera possible.<\/span><\/p>\n<p><strong>Dur\u00e9e:<\/strong> 1h15<\/p>\n","protected":false},"excerpt":{"rendered":"<p><strong>Jeudi 3, Vendredi 4, Samedi 5 Septembre \u00e0 20h30<\/strong><\/p>\n","protected":false},"featured_media":4137,"template":"","meta":[],"product_brand":[],"product_cat":[35],"product_tag":[],"class_list":{"0":"post-4136","1":"product","2":"type-product","3":"status-publish","4":"has-post-thumbnail","6":"product_cat-comedie","8":"first","9":"instock","10":"shipping-taxable","11":"product-type-external"},"brizy_media":[],"_links":{"self":[{"href":"https:\/\/royalefactory.eu\/index.php?rest_route=\/wp\/v2\/product\/4136","targetHints":{"allow":["GET"]}}],"collection":[{"href":"https:\/\/royalefactory.eu\/index.php?rest_route=\/wp\/v2\/product"}],"about":[{"href":"https:\/\/royalefactory.eu\/index.php?rest_route=\/wp\/v2\/types\/product"}],"wp:featuredmedia":[{"embeddable":true,"href":"https:\/\/royalefactory.eu\/index.php?rest_route=\/wp\/v2\/media\/4137"}],"wp:attachment":[{"href":"https:\/\/royalefactory.eu\/index.php?rest_route=%2Fwp%2Fv2%2Fmedia&parent=4136"}],"wp:term":[{"taxonomy":"product_brand","embeddable":true,"href":"https:\/\/royalefactory.eu\/index.php?rest_route=%2Fwp%2Fv2%2Fproduct_brand&post=4136"},{"taxonomy":"product_cat","embeddable":true,"href":"https:\/\/royalefactory.eu\/index.php?rest_route=%2Fwp%2Fv2%2Fproduct_cat&post=4136"},{"taxonomy":"product_tag","embeddable":true,"href":"https:\/\/royalefactory.eu\/index.php?rest_route=%2Fwp%2Fv2%2Fproduct_tag&post=4136"}],"curies":[{"name":"wp","href":"https:\/\/api.w.org\/{rel}","templated":true}]}}