{"id":4147,"date":"2026-03-11T10:51:31","date_gmt":"2026-03-11T09:51:31","guid":{"rendered":"https:\/\/royalefactory.eu\/?post_type=product&#038;p=4147"},"modified":"2026-03-11T15:02:10","modified_gmt":"2026-03-11T14:02:10","slug":"thierry-marquet-2","status":"publish","type":"product","link":"https:\/\/royalefactory.eu\/?product=thierry-marquet-2","title":{"rendered":"THIERRY MARQUET"},"content":{"rendered":"<p><strong>THIERRY MARQUET dans ON SE FOUTRAIT PAS UN PEU DE NOTRE GUEULE?<\/strong><\/p>\n<p><strong>One man show<\/strong><\/p>\n<p><span style=\"color: #ff00ff\"><strong>Vendredi 2 et Samedi 3 Octobre \u00e0 20h30<\/strong><\/span><\/p>\n<p>\u00a0\u00bb C&rsquo;est cash et \u00e7a fait du bien. Un peu comme p\u00e9ter en r\u00e9union : c&rsquo;est os\u00e9, mais \u00e7a soulage.<\/p>\n<p>Avec son style ac\u00e9r\u00e9 et son humour mordant, Thierry Marquet d\u00e9monte les absurdit\u00e9s modernes : les trains qui n&rsquo;arrivent jamais sauf si toi t&rsquo;es en retard, les si\u00e8ges d&rsquo;avions pens\u00e9s pour avoir les genoux dans les dents, la photo floue avec Pluto \u00e0 64 euros (tu t&rsquo;es bien fait Mickey !) et les nouvelles r\u00e8gles de cette soci\u00e9t\u00e9 2.0 o\u00f9 l&rsquo;on risque la garde \u00e0 vue pour une vanne.<\/p>\n<p>Ajoutez \u00e0 \u00e7a une vie amoureuse en chute libre, des ruptures en s\u00e9rie, et une bonne dose d&rsquo;auto-d\u00e9rision : vous obtenez un spectacle dr\u00f4le, grin\u00e7ant, touchant, et surtout vrai.\u00a0\u00bb<\/p>\n<p>Un spectacle o\u00f9 on rit de tout&#8230; m\u00eame de soi ! \u00c7a d\u00e9coiffe&#8230; et je suis bien plac\u00e9 pour vous le dire !<\/p>\n<p>Tu viens ? Ou tu pr\u00e9f\u00e8res continuer \u00e0 croire que \u00ab\u00a0t&rsquo;as gagn\u00e9 un IPhone\u00a0\u00bb en cliquant sur une banni\u00e8re ?, si tu preferes l&rsquo;affiche marron et le titre foutage de gueule plutot que l&rsquo;affiche jaune Je te l&rsquo;envoie .<\/p>\n<p>&nbsp;<\/p>\n<p><strong>Tarifs:<\/strong> 23 euros tarif normal, 19 euros tarif r\u00e9duit (demandeur emploi, \u00e9tudiant)<\/p>\n<p><span style=\"color: red\">Votre achat est d\u00e9finitif, aucun remboursement ou report ne sera possible.<\/span><\/p>\n<p><strong>Dur\u00e9e:<\/strong> 1h20<\/p>\n<p>&nbsp;<\/p>\n","protected":false},"excerpt":{"rendered":"<p><strong>Vendredi 2 et Samedi 3 Octobre \u00e0 20h30<\/strong><\/p>\n","protected":false},"featured_media":4148,"template":"","meta":[],"product_brand":[],"product_cat":[31],"product_tag":[],"class_list":{"0":"post-4147","1":"product","2":"type-product","3":"status-publish","4":"has-post-thumbnail","6":"product_cat-humour","8":"first","9":"instock","10":"shipping-taxable","11":"product-type-external"},"brizy_media":[],"_links":{"self":[{"href":"https:\/\/royalefactory.eu\/index.php?rest_route=\/wp\/v2\/product\/4147","targetHints":{"allow":["GET"]}}],"collection":[{"href":"https:\/\/royalefactory.eu\/index.php?rest_route=\/wp\/v2\/product"}],"about":[{"href":"https:\/\/royalefactory.eu\/index.php?rest_route=\/wp\/v2\/types\/product"}],"wp:featuredmedia":[{"embeddable":true,"href":"https:\/\/royalefactory.eu\/index.php?rest_route=\/wp\/v2\/media\/4148"}],"wp:attachment":[{"href":"https:\/\/royalefactory.eu\/index.php?rest_route=%2Fwp%2Fv2%2Fmedia&parent=4147"}],"wp:term":[{"taxonomy":"product_brand","embeddable":true,"href":"https:\/\/royalefactory.eu\/index.php?rest_route=%2Fwp%2Fv2%2Fproduct_brand&post=4147"},{"taxonomy":"product_cat","embeddable":true,"href":"https:\/\/royalefactory.eu\/index.php?rest_route=%2Fwp%2Fv2%2Fproduct_cat&post=4147"},{"taxonomy":"product_tag","embeddable":true,"href":"https:\/\/royalefactory.eu\/index.php?rest_route=%2Fwp%2Fv2%2Fproduct_tag&post=4147"}],"curies":[{"name":"wp","href":"https:\/\/api.w.org\/{rel}","templated":true}]}}