{"id":4149,"date":"2026-03-11T10:59:34","date_gmt":"2026-03-11T09:59:34","guid":{"rendered":"https:\/\/royalefactory.eu\/?post_type=product&#038;p=4149"},"modified":"2026-03-11T15:01:01","modified_gmt":"2026-03-11T14:01:01","slug":"ils-exagerent","status":"publish","type":"product","link":"https:\/\/royalefactory.eu\/?product=ils-exagerent","title":{"rendered":"ILS EXAGERENT!"},"content":{"rendered":"<p><strong>ILS EXAGERENT! Thierry Marquet et No\u00e9mie Bousquainaud<\/strong><\/p>\n<p><strong>Com\u00e9die\u00a0<\/strong><\/p>\n<p><span style=\"color: #ff00ff\"><strong>Jeudi 1er Octobre \u00e0 20h30<\/strong><\/span><\/p>\n<p>Deux humoristes, chacun persuad\u00e9 d&rsquo;\u00eatre la t\u00eate d&rsquo;affiche du soir, d\u00e9barquent dans la m\u00eame salle de spectacle&#8230; \u00e0 la m\u00eame heure.<\/p>\n<p>Catastrophe : une erreur de programmation les met face \u00e0 face sur la m\u00eame sc\u00e8ne !<\/p>\n<p>Impossible de reculer : le public est d\u00e9j\u00e0 l\u00e0, les projecteurs s&rsquo;allument, et il faut improviser. S&rsquo;engage alors une joute hilarante o\u00f9 chaque vanne devient une arme, chaque silence un pi\u00e8ge, et chaque rire du public un point marqu\u00e9 dans cette bataille d&rsquo;\u00e9go en direct.<br \/>\nMais au fil de la soir\u00e9e, les masques tombent et les surprises s&rsquo;encha\u00eenent &#8230; les deux rivaux d\u00e9couvrent \u00e0 leur d\u00e9pens , que la meilleure com\u00e9die c&rsquo;est celle qu&rsquo;ils vont finir par jouer ensemble.<\/p>\n<p>\u00ab\u00a0Ils exag\u00e8rent! \u00ab\u00a0c&rsquo;est \u00e0 la fois un duel comique explosif mais aussi une satire du monde du spectacle !<\/p>\n<p>&nbsp;<\/p>\n<p><strong>Tarifs:<\/strong> 23 euros tarif normal, 19 euros tarif r\u00e9duit (demandeur emploi, \u00e9tudiant)<\/p>\n<p><span style=\"color: red\">Votre achat est d\u00e9finitif, aucun remboursement ou report ne sera possible.<\/span><\/p>\n<p><strong>Dur\u00e9e:<\/strong> 1h30<\/p>\n","protected":false},"excerpt":{"rendered":"<p><strong>Jeudi 1er Octobre \u00e0 20h30<\/strong><\/p>\n","protected":false},"featured_media":4150,"template":"","meta":[],"product_brand":[],"product_cat":[35],"product_tag":[],"class_list":{"0":"post-4149","1":"product","2":"type-product","3":"status-publish","4":"has-post-thumbnail","6":"product_cat-comedie","8":"first","9":"instock","10":"shipping-taxable","11":"product-type-external"},"brizy_media":[],"_links":{"self":[{"href":"https:\/\/royalefactory.eu\/index.php?rest_route=\/wp\/v2\/product\/4149","targetHints":{"allow":["GET"]}}],"collection":[{"href":"https:\/\/royalefactory.eu\/index.php?rest_route=\/wp\/v2\/product"}],"about":[{"href":"https:\/\/royalefactory.eu\/index.php?rest_route=\/wp\/v2\/types\/product"}],"wp:featuredmedia":[{"embeddable":true,"href":"https:\/\/royalefactory.eu\/index.php?rest_route=\/wp\/v2\/media\/4150"}],"wp:attachment":[{"href":"https:\/\/royalefactory.eu\/index.php?rest_route=%2Fwp%2Fv2%2Fmedia&parent=4149"}],"wp:term":[{"taxonomy":"product_brand","embeddable":true,"href":"https:\/\/royalefactory.eu\/index.php?rest_route=%2Fwp%2Fv2%2Fproduct_brand&post=4149"},{"taxonomy":"product_cat","embeddable":true,"href":"https:\/\/royalefactory.eu\/index.php?rest_route=%2Fwp%2Fv2%2Fproduct_cat&post=4149"},{"taxonomy":"product_tag","embeddable":true,"href":"https:\/\/royalefactory.eu\/index.php?rest_route=%2Fwp%2Fv2%2Fproduct_tag&post=4149"}],"curies":[{"name":"wp","href":"https:\/\/api.w.org\/{rel}","templated":true}]}}