{"id":4154,"date":"2026-03-11T15:21:14","date_gmt":"2026-03-11T14:21:14","guid":{"rendered":"https:\/\/royalefactory.eu\/?post_type=product&#038;p=4154"},"modified":"2026-03-11T15:45:57","modified_gmt":"2026-03-11T14:45:57","slug":"elisabeth-buffet-2","status":"publish","type":"product","link":"https:\/\/royalefactory.eu\/?product=elisabeth-buffet-2","title":{"rendered":"ELISABETH BUFFET"},"content":{"rendered":"<p><strong>ELISABETH BUFFET dans MES HISTOIRES DE COEUR<\/strong><\/p>\n<p><strong>One woman show<\/strong><\/p>\n<p><span style=\"color: #ff00ff\"><strong>Jeudi 15, Vendredi 16 et Samedi 17 Octobre \u00e0 20h30<\/strong><\/span><\/p>\n<p>Et si je vous parlais de mes aventures amoureuses et sexuelles ?<\/p>\n<p>Enfin, de mes ratages, sinon c\u2019est pas dr\u00f4le.<\/p>\n<p>Des restaurants dans le noir au camping, des soir\u00e9es \u00e9changistes aux nostalgiques du 3i\u00e8me Reich, en passant par des exp\u00e9riences surr\u00e9alistes, retour sur mes \u00e9checs sentimentaux.<\/p>\n<p>Pour qu\u2019on en rit !<\/p>\n<p>&nbsp;<\/p>\n<p><strong>Tarif unique:<\/strong> 23 euros<\/p>\n<p><span style=\"color: red\">Votre achat est d\u00e9finitif, aucun remboursement ou report ne sera possible.<\/span><\/p>\n<p><strong>Dur\u00e9e:<\/strong> 1h15<\/p>\n","protected":false},"excerpt":{"rendered":"<p><strong>Jeudi 15, Vendredi 16 et Samedi 17 Octobre \u00e0 20h30<\/strong><\/p>\n","protected":false},"featured_media":4155,"template":"","meta":[],"product_brand":[],"product_cat":[31],"product_tag":[],"class_list":{"0":"post-4154","1":"product","2":"type-product","3":"status-publish","4":"has-post-thumbnail","6":"product_cat-humour","8":"first","9":"instock","10":"shipping-taxable","11":"product-type-external"},"brizy_media":[],"_links":{"self":[{"href":"https:\/\/royalefactory.eu\/index.php?rest_route=\/wp\/v2\/product\/4154","targetHints":{"allow":["GET"]}}],"collection":[{"href":"https:\/\/royalefactory.eu\/index.php?rest_route=\/wp\/v2\/product"}],"about":[{"href":"https:\/\/royalefactory.eu\/index.php?rest_route=\/wp\/v2\/types\/product"}],"wp:featuredmedia":[{"embeddable":true,"href":"https:\/\/royalefactory.eu\/index.php?rest_route=\/wp\/v2\/media\/4155"}],"wp:attachment":[{"href":"https:\/\/royalefactory.eu\/index.php?rest_route=%2Fwp%2Fv2%2Fmedia&parent=4154"}],"wp:term":[{"taxonomy":"product_brand","embeddable":true,"href":"https:\/\/royalefactory.eu\/index.php?rest_route=%2Fwp%2Fv2%2Fproduct_brand&post=4154"},{"taxonomy":"product_cat","embeddable":true,"href":"https:\/\/royalefactory.eu\/index.php?rest_route=%2Fwp%2Fv2%2Fproduct_cat&post=4154"},{"taxonomy":"product_tag","embeddable":true,"href":"https:\/\/royalefactory.eu\/index.php?rest_route=%2Fwp%2Fv2%2Fproduct_tag&post=4154"}],"curies":[{"name":"wp","href":"https:\/\/api.w.org\/{rel}","templated":true}]}}