{"id":4158,"date":"2026-03-11T16:02:50","date_gmt":"2026-03-11T15:02:50","guid":{"rendered":"https:\/\/royalefactory.eu\/?post_type=product&#038;p=4158"},"modified":"2026-03-11T16:03:52","modified_gmt":"2026-03-11T15:03:52","slug":"tristan-lucas-2","status":"publish","type":"product","link":"https:\/\/royalefactory.eu\/?product=tristan-lucas-2","title":{"rendered":"TRISTAN LUCAS"},"content":{"rendered":"<p><strong>TRISTAN LUCAS dans FRANCAIS CONTENT<\/strong><\/p>\n<p><strong>One man show, stand up<\/strong><\/p>\n<p><span style=\"color: #ff00ff\"><strong>Vendredi 30 et Samedi 31 Octobre \u00e0 20h30<\/strong><\/span><\/p>\n<p>Tristan Lucas est un sp\u00e9cimen rare, c&rsquo;est un&#8230; Fran\u00e7ais Content !<\/p>\n<p>Dans ce spectacle, ce faux lent, nonchalant hyperactif, rit d&rsquo;abord de lui-m\u00eame puis taquine les bobos, se moque des gens qui cherchent un sens \u00e0 leur vie, des coachs de vie et ose m\u00eame des vannes sur le mus\u00e9e des esclaves. Parce que oui, on peut rire de tout !<\/p>\n<p>Tristan a \u00e9t\u00e9 chroniqueur sur Nova, Rire et Chansons, Couleur 3 (Suisse). Il a particip\u00e9 plusieurs fois au festival de Montreux et part en tourn\u00e9e des Z\u00e9niths dans toute la France. Profitez de la Royale Factory pour le voir dans une plus petite salle.<\/p>\n<p>&nbsp;<\/p>\n<p><strong>Tarifs:<\/strong> 23 euros tarif normal, 19 euros tarif r\u00e9duit (demandeur emploi, \u00e9tudiant)<\/p>\n<p><span style=\"color: red\">Votre achat est d\u00e9finitif, aucun remboursement ou report ne sera possible.<\/span><\/p>\n<p><strong>Dur\u00e9e:<\/strong> 1h15<\/p>\n","protected":false},"excerpt":{"rendered":"<p><strong>Vendredi 30 et Samedi 31 Octobre \u00e0 20h30<\/strong><\/p>\n","protected":false},"featured_media":4159,"template":"","meta":[],"product_brand":[],"product_cat":[31],"product_tag":[],"class_list":{"0":"post-4158","1":"product","2":"type-product","3":"status-publish","4":"has-post-thumbnail","6":"product_cat-humour","8":"first","9":"instock","10":"shipping-taxable","11":"product-type-external"},"brizy_media":[],"_links":{"self":[{"href":"https:\/\/royalefactory.eu\/index.php?rest_route=\/wp\/v2\/product\/4158","targetHints":{"allow":["GET"]}}],"collection":[{"href":"https:\/\/royalefactory.eu\/index.php?rest_route=\/wp\/v2\/product"}],"about":[{"href":"https:\/\/royalefactory.eu\/index.php?rest_route=\/wp\/v2\/types\/product"}],"wp:featuredmedia":[{"embeddable":true,"href":"https:\/\/royalefactory.eu\/index.php?rest_route=\/wp\/v2\/media\/4159"}],"wp:attachment":[{"href":"https:\/\/royalefactory.eu\/index.php?rest_route=%2Fwp%2Fv2%2Fmedia&parent=4158"}],"wp:term":[{"taxonomy":"product_brand","embeddable":true,"href":"https:\/\/royalefactory.eu\/index.php?rest_route=%2Fwp%2Fv2%2Fproduct_brand&post=4158"},{"taxonomy":"product_cat","embeddable":true,"href":"https:\/\/royalefactory.eu\/index.php?rest_route=%2Fwp%2Fv2%2Fproduct_cat&post=4158"},{"taxonomy":"product_tag","embeddable":true,"href":"https:\/\/royalefactory.eu\/index.php?rest_route=%2Fwp%2Fv2%2Fproduct_tag&post=4158"}],"curies":[{"name":"wp","href":"https:\/\/api.w.org\/{rel}","templated":true}]}}