{"id":4160,"date":"2026-03-11T16:24:23","date_gmt":"2026-03-11T15:24:23","guid":{"rendered":"https:\/\/royalefactory.eu\/?post_type=product&#038;p=4160"},"modified":"2026-03-11T16:37:34","modified_gmt":"2026-03-11T15:37:34","slug":"mais-ou-est-passe-le-professeur-dino","status":"publish","type":"product","link":"https:\/\/royalefactory.eu\/?product=mais-ou-est-passe-le-professeur-dino","title":{"rendered":"MAIS OU EST PASSE LE PROFESSEUR DINO?"},"content":{"rendered":"<p><strong>MAIS OU EST PASSE LE PROFESSEUR DINO?<\/strong><\/p>\n<p><strong>Spectacle enfants \u00e0 partir de 4 ans<\/strong><\/p>\n<p><strong><span style=\"color: #ff00ff\">Dimanches 20 septembre, 11 octobre, 8 novembre, 6 d\u00e9cembre \u00e0 15h<\/span><\/strong><\/p>\n<p><strong><span style=\"color: #ff00ff\">Lundi 21 et mardi 22 d\u00e9cembre \u00e0 14h et 16h<\/span><\/strong><\/p>\n<p><strong><span style=\"color: #ff00ff\">Lundi 28 et mardi 29 d\u00e9cembre \u00e0 14h et 16h<\/span><\/strong><\/p>\n<p>BRAVO les enfants ! Vous \u00eates invit\u00e9s dans le laboratoire du c\u00e9l\u00e8bre Professeur Dino, le plus grand sp\u00e9cialiste des dinosaures. Il va vous r\u00e9v\u00e9ler tous ses secrets en exclusivit\u00e9, au cours d\u2019une exceptionnelle journ\u00e9e porte ouverte.\u00bb<\/p>\n<p>Mais au moment o\u00f9 les enfants se pr\u00e9sentent, aucune trace du professeur. Pour Victor, son assistant, et pour les enfants du public, c\u2019est une \u00e9nigme. Chasseurs de dragons, \u00e9tranges fossiles, T-Rex et ours en smoking : les indices ne manquent pas&#8230; Mais o\u00f9 est donc pass\u00e9 le Professeur Dino ?<\/p>\n<p>Une aventure pleine de rebondissements, par-del\u00e0 les fronti\u00e8res de l\u2019espace\u2026 et du temps !<\/p>\n<p>Par l\u2019auteur de \u00ab Augustin Pirate des Indes \u00bb et de \u00ab La Grande cuisine du petit L\u00e9on \u00bb &#8211; plus de 1500 repr\u00e9sentations, de St Malo \u00e0 Monaco, d\u2019Avignon \u00e0 San Francisco\u00a0!<\/p>\n<p>&nbsp;<\/p>\n<p><strong>Tarif unique:<\/strong> 14 euros<\/p>\n<p><span style=\"color: red\">Votre achat est d\u00e9finitif, aucun remboursement ou report ne sera possible.<\/span><\/p>\n<p><strong>Dur\u00e9e:<\/strong> 55 minutes<\/p>\n<p>&nbsp;<\/p>\n","protected":false},"excerpt":{"rendered":"<p><strong>Dimanche 20 Septembre \u00e0 15h<\/strong><\/p>\n","protected":false},"featured_media":4161,"template":"","meta":[],"product_brand":[],"product_cat":[36],"product_tag":[],"class_list":{"0":"post-4160","1":"product","2":"type-product","3":"status-publish","4":"has-post-thumbnail","6":"product_cat-spectacle-enfants","8":"first","9":"instock","10":"shipping-taxable","11":"product-type-external"},"brizy_media":[],"_links":{"self":[{"href":"https:\/\/royalefactory.eu\/index.php?rest_route=\/wp\/v2\/product\/4160","targetHints":{"allow":["GET"]}}],"collection":[{"href":"https:\/\/royalefactory.eu\/index.php?rest_route=\/wp\/v2\/product"}],"about":[{"href":"https:\/\/royalefactory.eu\/index.php?rest_route=\/wp\/v2\/types\/product"}],"wp:featuredmedia":[{"embeddable":true,"href":"https:\/\/royalefactory.eu\/index.php?rest_route=\/wp\/v2\/media\/4161"}],"wp:attachment":[{"href":"https:\/\/royalefactory.eu\/index.php?rest_route=%2Fwp%2Fv2%2Fmedia&parent=4160"}],"wp:term":[{"taxonomy":"product_brand","embeddable":true,"href":"https:\/\/royalefactory.eu\/index.php?rest_route=%2Fwp%2Fv2%2Fproduct_brand&post=4160"},{"taxonomy":"product_cat","embeddable":true,"href":"https:\/\/royalefactory.eu\/index.php?rest_route=%2Fwp%2Fv2%2Fproduct_cat&post=4160"},{"taxonomy":"product_tag","embeddable":true,"href":"https:\/\/royalefactory.eu\/index.php?rest_route=%2Fwp%2Fv2%2Fproduct_tag&post=4160"}],"curies":[{"name":"wp","href":"https:\/\/api.w.org\/{rel}","templated":true}]}}