{"id":4167,"date":"2026-03-11T16:56:50","date_gmt":"2026-03-11T15:56:50","guid":{"rendered":"https:\/\/royalefactory.eu\/?post_type=product&#038;p=4167"},"modified":"2026-03-11T16:58:31","modified_gmt":"2026-03-11T15:58:31","slug":"paris-comedy-club-44","status":"publish","type":"product","link":"https:\/\/royalefactory.eu\/?product=paris-comedy-club-44","title":{"rendered":"PARIS COMEDY CLUB"},"content":{"rendered":"<p><strong>PARIS COMEDY CLUB<\/strong><\/p>\n<p><strong>Plateau d&rsquo;humoristes<\/strong><\/p>\n<p><span style=\"color: #ff00ff\"><strong>Jeudis 10 Septembre, 8 Octobre, 5 Novembre et 3 D\u00e9cembre \u00e0 20h30<\/strong><\/span><\/p>\n<p class=\"p1\"><span class=\"s1\">Les humoristes les plus dr\u00f4les de la nouvelle g\u00e9n\u00e9ration<span class=\"Apple-converted-space\">\u00a0 <\/span>et de la sc\u00e8ne parisienne.<\/span><\/p>\n<p class=\"p1\"><span class=\"s1\">Les meilleurs humoristes vont jouer sur Paris &#8230; Ce soir ils viennent chez vous .<\/span><\/p>\n<p class=\"p1\"><span class=\"s1\">Au programme, des surprises !<\/span><\/p>\n<p class=\"p1\"><span class=\"s1\">Venez rire avec eux !<\/span><\/p>\n<p>&nbsp;<\/p>\n<p><strong>Tarifs:<\/strong> 23 euros tarif normal, 19 euros tarif r\u00e9duit (demandeur emploi, \u00e9tudiant)<\/p>\n<p><span style=\"color: red\">Votre achat est d\u00e9finitif, aucun remboursement ou report ne sera possible.<\/span><\/p>\n<p><strong>Dur\u00e9e:<\/strong> 1h15<\/p>\n","protected":false},"excerpt":{"rendered":"<p><strong>Jeudi 10 Septembre \u00e0 20h30<\/strong><\/p>\n","protected":false},"featured_media":4168,"template":"","meta":[],"product_brand":[],"product_cat":[31],"product_tag":[],"class_list":{"0":"post-4167","1":"product","2":"type-product","3":"status-publish","4":"has-post-thumbnail","6":"product_cat-humour","8":"first","9":"instock","10":"shipping-taxable","11":"product-type-external"},"brizy_media":[],"_links":{"self":[{"href":"https:\/\/royalefactory.eu\/index.php?rest_route=\/wp\/v2\/product\/4167","targetHints":{"allow":["GET"]}}],"collection":[{"href":"https:\/\/royalefactory.eu\/index.php?rest_route=\/wp\/v2\/product"}],"about":[{"href":"https:\/\/royalefactory.eu\/index.php?rest_route=\/wp\/v2\/types\/product"}],"wp:featuredmedia":[{"embeddable":true,"href":"https:\/\/royalefactory.eu\/index.php?rest_route=\/wp\/v2\/media\/4168"}],"wp:attachment":[{"href":"https:\/\/royalefactory.eu\/index.php?rest_route=%2Fwp%2Fv2%2Fmedia&parent=4167"}],"wp:term":[{"taxonomy":"product_brand","embeddable":true,"href":"https:\/\/royalefactory.eu\/index.php?rest_route=%2Fwp%2Fv2%2Fproduct_brand&post=4167"},{"taxonomy":"product_cat","embeddable":true,"href":"https:\/\/royalefactory.eu\/index.php?rest_route=%2Fwp%2Fv2%2Fproduct_cat&post=4167"},{"taxonomy":"product_tag","embeddable":true,"href":"https:\/\/royalefactory.eu\/index.php?rest_route=%2Fwp%2Fv2%2Fproduct_tag&post=4167"}],"curies":[{"name":"wp","href":"https:\/\/api.w.org\/{rel}","templated":true}]}}