{"id":4172,"date":"2026-03-11T17:06:16","date_gmt":"2026-03-11T16:06:16","guid":{"rendered":"https:\/\/royalefactory.eu\/?post_type=product&#038;p=4172"},"modified":"2026-03-11T17:14:31","modified_gmt":"2026-03-11T16:14:31","slug":"nash","status":"publish","type":"product","link":"https:\/\/royalefactory.eu\/?product=nash","title":{"rendered":"NASH"},"content":{"rendered":"<p><strong>NASH<\/strong><\/p>\n<p><strong>One woman show, stand up<\/strong><\/p>\n<p><span style=\"color: #ff00ff\"><strong>Vendredi 18 et Samedi 19 D\u00e9cembre \u00e0 20h30<\/strong><\/span><\/p>\n<p>Qui a dit qu\u2019on ne pouvait pas avoir une crise d\u2019ado pass\u00e9 30 ans ?<\/p>\n<p>Avec beaucoup de sinc\u00e9rit\u00e9 et avec une \u00e9nergie communicative, Nash nous livre son parcours, qui l\u2019a amen\u00e9 \u00e0 \u00eatre sur sc\u00e8ne aujourd\u2019hui.\u00a0De ses r\u00eaves \u00e0 ses gal\u00e8res professionnelles et amoureuses, en passant par des anecdotes croustillantes, on aurait presque du mal \u00e0 croire que tout lui soit r\u00e9ellement arriv\u00e9, et pourtant&#8230;<\/p>\n<p>Si vous avez envie de recharger les batteries en bonne humeur, venez d\u00e9couvrir ce rayon de soleil si proche de son public !<\/p>\n<p>&nbsp;<\/p>\n<p><strong>Tarif unique:<\/strong> 25 euros<\/p>\n<p><span style=\"color: red\">Votre achat est d\u00e9finitif, aucun remboursement ou report ne sera possible.<\/span><\/p>\n<p><strong>Dur\u00e9e:<\/strong> 1h15<\/p>\n","protected":false},"excerpt":{"rendered":"<p><strong>Vendredi 18 et Samedi 19 D\u00e9cembre \u00e0 20h30<\/strong><\/p>\n","protected":false},"featured_media":4173,"template":"","meta":[],"product_brand":[],"product_cat":[31],"product_tag":[],"class_list":{"0":"post-4172","1":"product","2":"type-product","3":"status-publish","4":"has-post-thumbnail","6":"product_cat-humour","8":"first","9":"instock","10":"shipping-taxable","11":"product-type-external"},"brizy_media":[],"_links":{"self":[{"href":"https:\/\/royalefactory.eu\/index.php?rest_route=\/wp\/v2\/product\/4172","targetHints":{"allow":["GET"]}}],"collection":[{"href":"https:\/\/royalefactory.eu\/index.php?rest_route=\/wp\/v2\/product"}],"about":[{"href":"https:\/\/royalefactory.eu\/index.php?rest_route=\/wp\/v2\/types\/product"}],"wp:featuredmedia":[{"embeddable":true,"href":"https:\/\/royalefactory.eu\/index.php?rest_route=\/wp\/v2\/media\/4173"}],"wp:attachment":[{"href":"https:\/\/royalefactory.eu\/index.php?rest_route=%2Fwp%2Fv2%2Fmedia&parent=4172"}],"wp:term":[{"taxonomy":"product_brand","embeddable":true,"href":"https:\/\/royalefactory.eu\/index.php?rest_route=%2Fwp%2Fv2%2Fproduct_brand&post=4172"},{"taxonomy":"product_cat","embeddable":true,"href":"https:\/\/royalefactory.eu\/index.php?rest_route=%2Fwp%2Fv2%2Fproduct_cat&post=4172"},{"taxonomy":"product_tag","embeddable":true,"href":"https:\/\/royalefactory.eu\/index.php?rest_route=%2Fwp%2Fv2%2Fproduct_tag&post=4172"}],"curies":[{"name":"wp","href":"https:\/\/api.w.org\/{rel}","templated":true}]}}