{"id":4210,"date":"2026-04-07T16:59:43","date_gmt":"2026-04-07T14:59:43","guid":{"rendered":"https:\/\/royalefactory.eu\/?post_type=product&#038;p=4210"},"modified":"2026-04-07T17:01:36","modified_gmt":"2026-04-07T15:01:36","slug":"kino","status":"publish","type":"product","link":"https:\/\/royalefactory.eu\/?product=kino","title":{"rendered":"KINO"},"content":{"rendered":"<p><strong>KINO dans PANIC ATTACK<\/strong><\/p>\n<p><strong>One man show<\/strong><\/p>\n<p><span style=\"color: #ff00ff\"><strong>Jeudi 21, Vendredi 22 et Samedi 23 Janvier \u00e0 20h30<\/strong><\/span><\/p>\n<p class=\"p1\">Alors que tout allait bien dans sa vie\u2026 elle est arriv\u00e9e.<\/p>\n<p class=\"p1\">La premi\u00e8re.<\/p>\n<p class=\"p1\">Celle dont on se souvient toujours : L\u2019attaque de panic<\/p>\n<p class=\"p1\">Kino va \u00eatre diagnotiqu\u00e9 d\u2019une anxi\u00e9t\u00e9 g\u00e9n\u00e9ralis\u00e9e avec option agoraphobie.<\/p>\n<p class=\"p1\">Le meilleur diagnostic possible quand on joue tous les soirs devant des centaines de<\/p>\n<p class=\"p1\">personnes, dans une salle, ferm\u00e9e, sans fen\u00eatres. Parfait timing.<\/p>\n<p class=\"p1\">Aujourd\u2019hui, tout va mieux.<\/p>\n<p class=\"p1\">Il a enfin assez de recul pour raconter ce bordel sur sc\u00e8ne : comment la sant\u00e9 mentale lui est<\/p>\n<p class=\"p1\">tomb\u00e9e dessus sans pr\u00e9venir, comment il a g\u00e9r\u00e9, foir\u00e9, surv\u00e9cu et surtout\u2026 comment il a<\/p>\n<p class=\"p1\">d\u00e9cid\u00e9 d\u2019en faire un spectacle.<\/p>\n<p class=\"p1\">PANIC ATTACK, c\u2019est dr\u00f4le, honn\u00eate et d\u00e9complex\u00e9.<\/p>\n<p class=\"p1\">Un spectacle sur deux ann\u00e9es d\u2019enfer\u2026 racont\u00e9es par quelqu\u2019un qui peut enfin en rire.<\/p>\n<p>&nbsp;<\/p>\n<p><strong>Tarifs:<\/strong> 23 euros tarif normal, 19 euros tarif r\u00e9duit (demandeur emploi, \u00e9tudiant)<\/p>\n<p><span style=\"color: red\">Votre achat est d\u00e9finitif, aucun remboursement ou report ne sera possible.<\/span><\/p>\n<p><strong>Dur\u00e9e:<\/strong> 1h10<\/p>\n","protected":false},"excerpt":{"rendered":"<p><strong>Jeudi 21, Vendredi 22 et Samedi 23 Janvier \u00e0 20h30<\/strong><\/p>\n","protected":false},"featured_media":4211,"template":"","meta":[],"product_brand":[],"product_cat":[31],"product_tag":[],"class_list":{"0":"post-4210","1":"product","2":"type-product","3":"status-publish","4":"has-post-thumbnail","6":"product_cat-humour","8":"first","9":"instock","10":"shipping-taxable","11":"product-type-external"},"brizy_media":[],"_links":{"self":[{"href":"https:\/\/royalefactory.eu\/index.php?rest_route=\/wp\/v2\/product\/4210","targetHints":{"allow":["GET"]}}],"collection":[{"href":"https:\/\/royalefactory.eu\/index.php?rest_route=\/wp\/v2\/product"}],"about":[{"href":"https:\/\/royalefactory.eu\/index.php?rest_route=\/wp\/v2\/types\/product"}],"wp:featuredmedia":[{"embeddable":true,"href":"https:\/\/royalefactory.eu\/index.php?rest_route=\/wp\/v2\/media\/4211"}],"wp:attachment":[{"href":"https:\/\/royalefactory.eu\/index.php?rest_route=%2Fwp%2Fv2%2Fmedia&parent=4210"}],"wp:term":[{"taxonomy":"product_brand","embeddable":true,"href":"https:\/\/royalefactory.eu\/index.php?rest_route=%2Fwp%2Fv2%2Fproduct_brand&post=4210"},{"taxonomy":"product_cat","embeddable":true,"href":"https:\/\/royalefactory.eu\/index.php?rest_route=%2Fwp%2Fv2%2Fproduct_cat&post=4210"},{"taxonomy":"product_tag","embeddable":true,"href":"https:\/\/royalefactory.eu\/index.php?rest_route=%2Fwp%2Fv2%2Fproduct_tag&post=4210"}],"curies":[{"name":"wp","href":"https:\/\/api.w.org\/{rel}","templated":true}]}}