{"id":4213,"date":"2026-04-15T11:40:56","date_gmt":"2026-04-15T09:40:56","guid":{"rendered":"https:\/\/royalefactory.eu\/?post_type=product&#038;p=4213"},"modified":"2026-04-15T11:43:05","modified_gmt":"2026-04-15T09:43:05","slug":"mickael-charles-3","status":"publish","type":"product","link":"https:\/\/royalefactory.eu\/?product=mickael-charles-3","title":{"rendered":"MICKAEL CHARLES"},"content":{"rendered":"<p><strong>MICKAEL CHARLES dans BOUCHEZ-VOUS LES OREILLES<\/strong><\/p>\n<p><strong>One man show, stand up<\/strong><\/p>\n<p><span style=\"color: #ff00ff\"><strong>Vendredi 15 et Samedi 16 Janvier \u00e0 20h30<\/strong><\/span><\/p>\n<p>Ne vous fiez pas \u00e0 ce n\u00e9o-trentenaire propre sur lui, aux airs de gendre id\u00e9al, il a la critique facile et s&rsquo;ose rarement aux compliments.<\/p>\n<p>Un spectacle piquant et convivial o\u00f9 l&rsquo;autod\u00e9rision et la satire r\u00e8gnent, sans filtre et sans concession.<br \/>\nMickael vous livre un spectacle sans concession mais qui d\u00e9chaine l&rsquo;hilarit\u00e9 et la bonne humeur\u00a0!<\/p>\n<p>Un moment \u00e9patant de vie version \u00e9pic\u00e9e, d&rsquo;une efficacit\u00e9 redoutable dans lequel le second degr\u00e9 est tr\u00e8s fortement conseill\u00e9.<\/p>\n<p>&nbsp;<\/p>\n<p><strong>Tarifs:<\/strong> 23 euros tarif normal, 19 euros tarif r\u00e9duit (demandeur emploi, \u00e9tudiant)<\/p>\n<p><span style=\"color: red\">Votre achat est d\u00e9finitif, aucun remboursement ou report ne sera possible.<\/span><\/p>\n<p><strong>Dur\u00e9e:<\/strong> 1h15<\/p>\n","protected":false},"excerpt":{"rendered":"<p><strong>Vendredi 15 et Samedi 16 Janvier \u00e0 20h30<\/strong><\/p>\n","protected":false},"featured_media":4214,"template":"","meta":[],"product_brand":[],"product_cat":[31],"product_tag":[],"class_list":{"0":"post-4213","1":"product","2":"type-product","3":"status-publish","4":"has-post-thumbnail","6":"product_cat-humour","8":"first","9":"instock","10":"shipping-taxable","11":"product-type-external"},"brizy_media":[],"_links":{"self":[{"href":"https:\/\/royalefactory.eu\/index.php?rest_route=\/wp\/v2\/product\/4213","targetHints":{"allow":["GET"]}}],"collection":[{"href":"https:\/\/royalefactory.eu\/index.php?rest_route=\/wp\/v2\/product"}],"about":[{"href":"https:\/\/royalefactory.eu\/index.php?rest_route=\/wp\/v2\/types\/product"}],"wp:featuredmedia":[{"embeddable":true,"href":"https:\/\/royalefactory.eu\/index.php?rest_route=\/wp\/v2\/media\/4214"}],"wp:attachment":[{"href":"https:\/\/royalefactory.eu\/index.php?rest_route=%2Fwp%2Fv2%2Fmedia&parent=4213"}],"wp:term":[{"taxonomy":"product_brand","embeddable":true,"href":"https:\/\/royalefactory.eu\/index.php?rest_route=%2Fwp%2Fv2%2Fproduct_brand&post=4213"},{"taxonomy":"product_cat","embeddable":true,"href":"https:\/\/royalefactory.eu\/index.php?rest_route=%2Fwp%2Fv2%2Fproduct_cat&post=4213"},{"taxonomy":"product_tag","embeddable":true,"href":"https:\/\/royalefactory.eu\/index.php?rest_route=%2Fwp%2Fv2%2Fproduct_tag&post=4213"}],"curies":[{"name":"wp","href":"https:\/\/api.w.org\/{rel}","templated":true}]}}